{"id":10,"date":"2014-08-12T10:57:45","date_gmt":"2014-08-12T14:57:45","guid":{"rendered":"http:\/\/www.frfce.qc.ca\/?page_id=10"},"modified":"2014-09-15T10:37:47","modified_gmt":"2014-09-15T14:37:47","slug":"accueil","status":"publish","type":"page","link":"https:\/\/www.frfce.qc.ca\/?page_id=10","title":{"rendered":"Organisation"},"content":{"rendered":"<p><a href=\"http:\/\/www.frfce.qc.ca\/wp-content\/uploads\/2014\/08\/betail_peuplier.png\"><img loading=\"lazy\" decoding=\"async\" class=\"alignright size-full wp-image-106\" src=\"http:\/\/www.frfce.qc.ca\/wp-content\/uploads\/2014\/08\/betail_peuplier.png\" alt=\"b\u00e9tail et peupliers hybrides\" width=\"200\" height=\"200\" srcset=\"https:\/\/www.frfce.qc.ca\/wp-content\/uploads\/2014\/08\/betail_peuplier.png 200w, https:\/\/www.frfce.qc.ca\/wp-content\/uploads\/2014\/08\/betail_peuplier-150x150.png 150w, https:\/\/www.frfce.qc.ca\/wp-content\/uploads\/2014\/08\/betail_peuplier-50x50.png 50w\" sizes=\"auto, (max-width: 200px) 100vw, 200px\" \/><\/a>La Fiducie de recherche sur la for\u00eat des Cantons-de-l\u2019Est (FRFCE) est une fiducie d\u2019utilit\u00e9 sociale, constitu\u00e9e dans un but d\u2019int\u00e9r\u00eat g\u00e9n\u00e9ral, notamment \u00e0 caract\u00e8re \u00e9ducatif, scientifique et philanthropique. Elle n\u2019a pas pour objet de r\u00e9aliser un b\u00e9n\u00e9fice ni d\u2019exploiter une entreprise. Trois fiduciaires (Benoit Truax, Daniel Gagnon et Marcel Leboeuf), ainsi qu\u2019une professionnelle de recherche (France Lambert), veillent au bon fonctionnement de la fiducie en lien avec sa mission et son statut d\u2019organisme de bienfaisance, accr\u00e9dit\u00e9e par l&rsquo;Agence du revenu Canada. Ce statut lui conf\u00e8re la possibilit\u00e9 de recevoir des dons et d\u2019\u00e9mettre des re\u00e7us, valides pour des cr\u00e9dits d\u2019imp\u00f4t.<\/p>\n","protected":false},"excerpt":{"rendered":"<p>La Fiducie de recherche sur la for\u00eat des Cantons-de-l\u2019Est (FRFCE) est une fiducie d\u2019utilit\u00e9 sociale, constitu\u00e9e dans un but d\u2019int\u00e9r\u00eat g\u00e9n\u00e9ral, notamment \u00e0 caract\u00e8re \u00e9ducatif, scientifique et philanthropique. Elle n\u2019a pas pour objet de r\u00e9aliser un b\u00e9n\u00e9fice ni d\u2019exploiter une entreprise. Trois fiduciaires (Benoit Truax, Daniel Gagnon et Marcel Leboeuf), ainsi qu\u2019une professionnelle de recherche [&hellip;]<\/p>\n","protected":false},"author":1,"featured_media":0,"parent":0,"menu_order":2,"comment_status":"closed","ping_status":"closed","template":"","meta":{"footnotes":""},"class_list":["post-10","page","type-page","status-publish","hentry"],"_links":{"self":[{"href":"https:\/\/www.frfce.qc.ca\/index.php?rest_route=\/wp\/v2\/pages\/10","targetHints":{"allow":["GET"]}}],"collection":[{"href":"https:\/\/www.frfce.qc.ca\/index.php?rest_route=\/wp\/v2\/pages"}],"about":[{"href":"https:\/\/www.frfce.qc.ca\/index.php?rest_route=\/wp\/v2\/types\/page"}],"author":[{"embeddable":true,"href":"https:\/\/www.frfce.qc.ca\/index.php?rest_route=\/wp\/v2\/users\/1"}],"replies":[{"embeddable":true,"href":"https:\/\/www.frfce.qc.ca\/index.php?rest_route=%2Fwp%2Fv2%2Fcomments&post=10"}],"version-history":[{"count":5,"href":"https:\/\/www.frfce.qc.ca\/index.php?rest_route=\/wp\/v2\/pages\/10\/revisions"}],"predecessor-version":[{"id":465,"href":"https:\/\/www.frfce.qc.ca\/index.php?rest_route=\/wp\/v2\/pages\/10\/revisions\/465"}],"wp:attachment":[{"href":"https:\/\/www.frfce.qc.ca\/index.php?rest_route=%2Fwp%2Fv2%2Fmedia&parent=10"}],"curies":[{"name":"wp","href":"https:\/\/api.w.org\/{rel}","templated":true}]}}