{"id":101,"date":"2014-08-14T10:56:31","date_gmt":"2014-08-14T14:56:31","guid":{"rendered":"http:\/\/www.frfce.qc.ca\/?page_id=101"},"modified":"2014-09-12T15:03:59","modified_gmt":"2014-09-12T19:03:59","slug":"contexte-forestier","status":"publish","type":"page","link":"https:\/\/www.frfce.qc.ca\/?page_id=101","title":{"rendered":"Contexte forestier"},"content":{"rendered":"<p><strong><a href=\"http:\/\/www.frfce.qc.ca\/wp-content\/uploads\/2014\/08\/photohistorique.png\"><img loading=\"lazy\" decoding=\"async\" class=\"alignright size-full wp-image-450\" src=\"http:\/\/www.frfce.qc.ca\/wp-content\/uploads\/2014\/08\/photohistorique.png\" alt=\"Soci\u00e9t\u00e9 d'histoire de Stanstead\" width=\"200\" height=\"200\" srcset=\"https:\/\/www.frfce.qc.ca\/wp-content\/uploads\/2014\/08\/photohistorique.png 200w, https:\/\/www.frfce.qc.ca\/wp-content\/uploads\/2014\/08\/photohistorique-150x150.png 150w, https:\/\/www.frfce.qc.ca\/wp-content\/uploads\/2014\/08\/photohistorique-50x50.png 50w\" sizes=\"auto, (max-width: 200px) 100vw, 200px\" \/><\/a>Des for\u00eats appauvries<\/strong><br \/>\nLa grande r\u00e9gion des Cantons-de-l&rsquo;Est poss\u00e9dait jadis une ressource foresti\u00e8re abondante, diversifi\u00e9e et de qualit\u00e9. Son exploitation intensive, \u00e0 des fins commerciales, et la colonisation du territoire depuis deux si\u00e8cles ont grandement appauvri cet \u00e9cosyst\u00e8me. Aujourd\u2019hui, les tiges de haute qualit\u00e9 de plusieurs esp\u00e8ces de valeur sont rares, c&rsquo;est le cas pour le pin blanc, le ch\u00eane rouge, le noyer cendr\u00e9, le cerisier tardif, et m\u00eame l\u2019\u00e9rable \u00e0 sucre, malgr\u00e9 son abondance apparente.<\/p>\n<p>&nbsp;<\/p>\n<p>&nbsp;<\/p>\n<p><img loading=\"lazy\" decoding=\"async\" class=\"alignleft size-full wp-image-116\" src=\"http:\/\/www.frfce.qc.ca\/wp-content\/uploads\/2014\/08\/bande_riveraine_champ_agricole.png\" alt=\"bande riveraine dans un champ agricole\" width=\"200\" height=\"200\" srcset=\"https:\/\/www.frfce.qc.ca\/wp-content\/uploads\/2014\/08\/bande_riveraine_champ_agricole.png 200w, https:\/\/www.frfce.qc.ca\/wp-content\/uploads\/2014\/08\/bande_riveraine_champ_agricole-150x150.png 150w, https:\/\/www.frfce.qc.ca\/wp-content\/uploads\/2014\/08\/bande_riveraine_champ_agricole-50x50.png 50w\" sizes=\"auto, (max-width: 200px) 100vw, 200px\" \/><\/p>\n<p><strong>Un potentiel forestier \u00e9norme<\/strong><br \/>\nLa ressource foresti\u00e8re des Cantons-de-l\u2019Est pr\u00e9sente un des plus forts potentiels de croissance et d\u2019utilisation au Qu\u00e9bec. Cela est d\u00fb \u00e0 la qualit\u00e9 des sols, au climat favorable et au haut niveau de d\u00e9veloppement socio\u00e9conomique de la r\u00e9gion. Malgr\u00e9 un d\u00e9veloppement soutenu depuis deux si\u00e8cles, autour de 80 % du territoire estrien demeure tout de m\u00eame sous couvert forestier. Ces for\u00eats, souvent jeunes et appauvries, offrent un excellent potentiel pour la plantation de restauration avec des essences nobles.<\/p>\n<p>Parall\u00e8lement, certaines zones situ\u00e9es en milieu agricole, notamment les bandes riveraines, les terres en friche et les bordures de champs, pr\u00e9sentent \u00e9galement un \u00e9norme potentiel pour l\u2019intensification de la production ligneuse et la restauration de services \u00e9cosyst\u00e9miques (habitat pour la biodiversit\u00e9, protection de l\u2019eau, captation du CO<sub>2<\/sub> atmosph\u00e9rique). L\u2019int\u00e9gration des arbres en milieu agricole (agroforesterie) nous appara\u00eet donc une solution durable pour am\u00e9liorer le bilan environnemental de notre agriculture.<\/p>\n<p>&nbsp;<\/p>\n<p>&nbsp;<\/p>\n<p><img loading=\"lazy\" decoding=\"async\" class=\"size-full wp-image-115 alignright\" src=\"http:\/\/www.frfce.qc.ca\/wp-content\/uploads\/2014\/08\/hermine.png\" alt=\"hermine\" width=\"200\" height=\"200\" srcset=\"https:\/\/www.frfce.qc.ca\/wp-content\/uploads\/2014\/08\/hermine.png 200w, https:\/\/www.frfce.qc.ca\/wp-content\/uploads\/2014\/08\/hermine-150x150.png 150w, https:\/\/www.frfce.qc.ca\/wp-content\/uploads\/2014\/08\/hermine-50x50.png 50w\" sizes=\"auto, (max-width: 200px) 100vw, 200px\" \/><\/p>\n<p><strong>Pas juste du bois<\/strong><br \/>\nOutre la production de bois, d\u2019autres enjeux territoriaux pr\u00e9occupent a<span class=\"Apple-style-span\">ctuellement\u00a0<\/span>les propri\u00e9taires forestiers, agricoles et urbains, notamment la conservation et la restauration de la for\u00eat, la\u00a0protection des cours d\u2019eau, ainsi que l\u2019am\u00e9nagement forestier durable int\u00e9grant sylviculture intensive et extensive. Beaucoup de questions du public concernant ces enjeux territoriaux demeurent \u00a0sans r\u00e9ponses. C\u2019est la raison principale pour laquelle il est n\u00e9cessaire de g\u00e9n\u00e9rer des connaissances scientifiques et de les transf\u00e9rer ad\u00e9quatement.<\/p>\n<p>&nbsp;<\/p>\n<p>&nbsp;<\/p>\n<p><strong>Accro\u00eetre les connaissances en am\u00e9nagement<\/strong><br \/>\nSuite aux travaux r\u00e9alis\u00e9s dans les Cantons-de-l\u2019Est depuis plus de 20 ans par Benoit Truax et Daniel Gagnon, nous constatons que :<\/p>\n<ul>\n<li>les propri\u00e9taires forestiers doivent am\u00e9liorer leurs connaissances au sujet de leur for\u00eat et des options d\u2019am\u00e9nagement possibles;<\/li>\n<li>l\u2019innovation et le d\u00e9veloppement des connaissances dans les domaines de l\u2019am\u00e9nagement forestier \u00e0 petite \u00e9chelle et de l\u2019agroforesterie doivent \u00eatre augment\u00e9s;<\/li>\n<li>il est urgent de recruter et de former du personnel hautement qualifi\u00e9 dans le domaine de l\u2019am\u00e9nagement forestier durable.<\/li>\n<\/ul>\n<p>&nbsp;<\/p>\n<p>&nbsp;<\/p>\n<p><strong><a href=\"http:\/\/www.frfce.qc.ca\/wp-content\/uploads\/2014\/08\/bande_riveraine_multi-especes.png\"><img loading=\"lazy\" decoding=\"async\" class=\"alignright size-full wp-image-117\" src=\"http:\/\/www.frfce.qc.ca\/wp-content\/uploads\/2014\/08\/bande_riveraine_multi-especes.png\" alt=\"bande riveraine multi-esp\u00e8ces\" width=\"200\" height=\"200\" srcset=\"https:\/\/www.frfce.qc.ca\/wp-content\/uploads\/2014\/08\/bande_riveraine_multi-especes.png 200w, https:\/\/www.frfce.qc.ca\/wp-content\/uploads\/2014\/08\/bande_riveraine_multi-especes-150x150.png 150w, https:\/\/www.frfce.qc.ca\/wp-content\/uploads\/2014\/08\/bande_riveraine_multi-especes-50x50.png 50w\" sizes=\"auto, (max-width: 200px) 100vw, 200px\" \/><\/a>Des projets ancr\u00e9s dans la communaut\u00e9<\/strong><br \/>\nLa plupart des projets de recherche de la Fiducie reposent, en bonne partie, sur un r\u00e9seau de plus de 60 propri\u00e9taires priv\u00e9s, dans le sud du Qu\u00e9bec (Estrie, Mont\u00e9r\u00e9gie et Centre-du-Qu\u00e9bec). Sur les terres de ces propri\u00e9taires, des plantations exp\u00e9rimentales et des parcelles permanentes ont d\u00e9j\u00e0 \u00e9t\u00e9 ou seront \u00e9ventuellement \u00e9tablies par Benoit Truax et Daniel Gagnon.<\/p>\n<p>Les travaux de recherche portent notamment sur le zonage forestier, les nouvelles approches de reboisement (enrichissement et restauration), l\u2019agroforesterie, les bandes riveraines arborescentes en milieu agricole, la s\u00e9lection et le rendement d\u2019essences \u00e0 croissance rapide, de m\u00eame que sur les esp\u00e8ces vuln\u00e9rables, menac\u00e9es ou envahissantes. Une attention particuli\u00e8re est port\u00e9e \u00e0 l\u2019am\u00e9lioration des connaissances sur les peuplements forestiers naturels, peu importe qu\u2019ils soient tr\u00e8s bien conserv\u00e9s ou d\u00e9grad\u00e9s, et \u00e9galement sur les aspects sociaux li\u00e9s \u00e0 l\u2019utilisation et \u00e0 la conservation de la for\u00eat.<\/p>\n","protected":false},"excerpt":{"rendered":"<p>Des for\u00eats appauvries La grande r\u00e9gion des Cantons-de-l&rsquo;Est poss\u00e9dait jadis une ressource foresti\u00e8re abondante, diversifi\u00e9e et de qualit\u00e9. Son exploitation intensive, \u00e0 des fins commerciales, et la colonisation du territoire depuis deux si\u00e8cles ont grandement appauvri cet \u00e9cosyst\u00e8me. Aujourd\u2019hui, les tiges de haute qualit\u00e9 de plusieurs esp\u00e8ces de valeur sont rares, c&rsquo;est le cas pour [&hellip;]<\/p>\n","protected":false},"author":1,"featured_media":0,"parent":10,"menu_order":3,"comment_status":"closed","ping_status":"closed","template":"","meta":{"footnotes":""},"class_list":["post-101","page","type-page","status-publish","hentry"],"_links":{"self":[{"href":"https:\/\/www.frfce.qc.ca\/index.php?rest_route=\/wp\/v2\/pages\/101","targetHints":{"allow":["GET"]}}],"collection":[{"href":"https:\/\/www.frfce.qc.ca\/index.php?rest_route=\/wp\/v2\/pages"}],"about":[{"href":"https:\/\/www.frfce.qc.ca\/index.php?rest_route=\/wp\/v2\/types\/page"}],"author":[{"embeddable":true,"href":"https:\/\/www.frfce.qc.ca\/index.php?rest_route=\/wp\/v2\/users\/1"}],"replies":[{"embeddable":true,"href":"https:\/\/www.frfce.qc.ca\/index.php?rest_route=%2Fwp%2Fv2%2Fcomments&post=101"}],"version-history":[{"count":10,"href":"https:\/\/www.frfce.qc.ca\/index.php?rest_route=\/wp\/v2\/pages\/101\/revisions"}],"predecessor-version":[{"id":451,"href":"https:\/\/www.frfce.qc.ca\/index.php?rest_route=\/wp\/v2\/pages\/101\/revisions\/451"}],"up":[{"embeddable":true,"href":"https:\/\/www.frfce.qc.ca\/index.php?rest_route=\/wp\/v2\/pages\/10"}],"wp:attachment":[{"href":"https:\/\/www.frfce.qc.ca\/index.php?rest_route=%2Fwp%2Fv2%2Fmedia&parent=101"}],"curies":[{"name":"wp","href":"https:\/\/api.w.org\/{rel}","templated":true}]}}