{"id":12,"date":"2014-08-12T11:28:25","date_gmt":"2014-08-12T15:28:25","guid":{"rendered":"http:\/\/www.frfce.qc.ca\/?page_id=12"},"modified":"2014-09-12T15:08:19","modified_gmt":"2014-09-12T19:08:19","slug":"mission","status":"publish","type":"page","link":"https:\/\/www.frfce.qc.ca\/?page_id=12","title":{"rendered":"Mission"},"content":{"rendered":"<p>L\u2019objectif principal de la FRFCE est de favoriser le d\u00e9veloppement et le transfert des connaissances scientifiques en am\u00e9nagement forestier et en agroforesterie dans l\u2019optique de proposer des solutions concr\u00e8tes en mati\u00e8re de d\u00e9veloppement durable des ressources foresti\u00e8res et du territoire en zone habit\u00e9e. Ces connaissances et ces solutions ont le potentiel d\u2019\u00eatre appliqu\u00e9es \u00e0 petite \u00e9chelle, par plus de 40 000 propri\u00e9taires forestiers qui d\u00e9tiennent plus de 92 % de la superficie du territoire des Cantons\u2010de\u2010l\u2019Est.<\/p>\n<p>&nbsp;<\/p>\n<p>Cinq objectifs majeurs et interreli\u00e9s forment l\u2019assise de la FRFCE :<\/p>\n<table border=\"\">\n<tbody>\n<tr>\n<td><a title=\"Conservation de la for\u00eat\" href=\"http:\/\/www.frfce.qc.ca\/?page_id=22\"><img loading=\"lazy\" decoding=\"async\" class=\"alignnone size-full wp-image-76\" src=\"http:\/\/www.frfce.qc.ca\/wp-content\/uploads\/2014\/08\/conservation_foret.png\" alt=\"conservation de la for\u00eat\" width=\"200\" height=\"200\" srcset=\"https:\/\/www.frfce.qc.ca\/wp-content\/uploads\/2014\/08\/conservation_foret.png 200w, https:\/\/www.frfce.qc.ca\/wp-content\/uploads\/2014\/08\/conservation_foret-150x150.png 150w, https:\/\/www.frfce.qc.ca\/wp-content\/uploads\/2014\/08\/conservation_foret-50x50.png 50w\" sizes=\"auto, (max-width: 200px) 100vw, 200px\" \/><\/a><\/td>\n<td><a title=\"Restauration de la for\u00eat\" href=\"http:\/\/www.frfce.qc.ca\/?page_id=20\"><img loading=\"lazy\" decoding=\"async\" class=\"alignnone size-full wp-image-77\" src=\"http:\/\/www.frfce.qc.ca\/wp-content\/uploads\/2014\/08\/restauration_foret.png\" alt=\"restauration de la for\u00eat\" width=\"200\" height=\"200\" srcset=\"https:\/\/www.frfce.qc.ca\/wp-content\/uploads\/2014\/08\/restauration_foret.png 200w, https:\/\/www.frfce.qc.ca\/wp-content\/uploads\/2014\/08\/restauration_foret-150x150.png 150w, https:\/\/www.frfce.qc.ca\/wp-content\/uploads\/2014\/08\/restauration_foret-50x50.png 50w\" sizes=\"auto, (max-width: 200px) 100vw, 200px\" \/><\/a><\/td>\n<td><a title=\"Production de la ressource foresti\u00e8re\" href=\"http:\/\/www.frfce.qc.ca\/?page_id=18\"><img loading=\"lazy\" decoding=\"async\" class=\"alignnone size-full wp-image-78\" src=\"http:\/\/www.frfce.qc.ca\/wp-content\/uploads\/2014\/08\/production_ressource_forestiere.png\" alt=\"production de la ressource foresti\u00e8re\" width=\"200\" height=\"200\" srcset=\"https:\/\/www.frfce.qc.ca\/wp-content\/uploads\/2014\/08\/production_ressource_forestiere.png 200w, https:\/\/www.frfce.qc.ca\/wp-content\/uploads\/2014\/08\/production_ressource_forestiere-150x150.png 150w, https:\/\/www.frfce.qc.ca\/wp-content\/uploads\/2014\/08\/production_ressource_forestiere-50x50.png 50w\" sizes=\"auto, (max-width: 200px) 100vw, 200px\" \/><\/a><\/td>\n<\/tr>\n<tr>\n<td><a title=\"Conservation de la for\u00eat\" href=\"http:\/\/www.frfce.qc.ca\/?page_id=22\">Conservation de la for\u00eat<\/a><\/td>\n<td><a title=\"Restauration de la for\u00eat\" href=\"http:\/\/www.frfce.qc.ca\/?page_id=20\">Restauration de la for\u00eat<\/a><\/td>\n<td><a title=\"Production de la ressource foresti\u00e8re\" href=\"http:\/\/www.frfce.qc.ca\/?page_id=18\">Production de la ressource foresti\u00e8re<\/a><\/td>\n<\/tr>\n<tr>\n<td><a title=\"Formation d\u2019\u00e9tudiants\" href=\"http:\/\/www.frfce.qc.ca\/?page_id=14\"><img loading=\"lazy\" decoding=\"async\" class=\"alignnone size-full wp-image-79\" src=\"http:\/\/www.frfce.qc.ca\/wp-content\/uploads\/2014\/08\/formation_etudiants.png\" alt=\"formation d'\u00e9tudiants\" width=\"200\" height=\"200\" srcset=\"https:\/\/www.frfce.qc.ca\/wp-content\/uploads\/2014\/08\/formation_etudiants.png 200w, https:\/\/www.frfce.qc.ca\/wp-content\/uploads\/2014\/08\/formation_etudiants-150x150.png 150w, https:\/\/www.frfce.qc.ca\/wp-content\/uploads\/2014\/08\/formation_etudiants-50x50.png 50w\" sizes=\"auto, (max-width: 200px) 100vw, 200px\" \/><\/a><\/td>\n<td><a title=\"Transfert de connaissances\" href=\"http:\/\/www.frfce.qc.ca\/?page_id=73\"><img loading=\"lazy\" decoding=\"async\" class=\"alignnone size-full wp-image-452\" src=\"http:\/\/www.frfce.qc.ca\/wp-content\/uploads\/2014\/08\/transfert_connaissance1.png\" alt=\"transfert de connaissances\" width=\"200\" height=\"200\" srcset=\"https:\/\/www.frfce.qc.ca\/wp-content\/uploads\/2014\/08\/transfert_connaissance1.png 200w, https:\/\/www.frfce.qc.ca\/wp-content\/uploads\/2014\/08\/transfert_connaissance1-150x150.png 150w, https:\/\/www.frfce.qc.ca\/wp-content\/uploads\/2014\/08\/transfert_connaissance1-50x50.png 50w\" sizes=\"auto, (max-width: 200px) 100vw, 200px\" \/><\/a><\/td>\n<td><\/td>\n<\/tr>\n<tr>\n<td><a title=\"Formation d\u2019\u00e9tudiants\" href=\"http:\/\/www.frfce.qc.ca\/?page_id=14\">Formation d&rsquo;\u00e9tudiants<\/a><\/td>\n<td><a title=\"Transfert de connaissances\" href=\"http:\/\/www.frfce.qc.ca\/?page_id=73\">Transfert de connaissances<\/a><\/td>\n<td><\/td>\n<\/tr>\n<\/tbody>\n<\/table>\n","protected":false},"excerpt":{"rendered":"<p>L\u2019objectif principal de la FRFCE est de favoriser le d\u00e9veloppement et le transfert des connaissances scientifiques en am\u00e9nagement forestier et en agroforesterie dans l\u2019optique de proposer des solutions concr\u00e8tes en mati\u00e8re de d\u00e9veloppement durable des ressources foresti\u00e8res et du territoire en zone habit\u00e9e. Ces connaissances et ces solutions ont le potentiel d\u2019\u00eatre appliqu\u00e9es \u00e0 petite [&hellip;]<\/p>\n","protected":false},"author":1,"featured_media":0,"parent":10,"menu_order":1,"comment_status":"closed","ping_status":"closed","template":"","meta":{"footnotes":""},"class_list":["post-12","page","type-page","status-publish","hentry"],"_links":{"self":[{"href":"https:\/\/www.frfce.qc.ca\/index.php?rest_route=\/wp\/v2\/pages\/12","targetHints":{"allow":["GET"]}}],"collection":[{"href":"https:\/\/www.frfce.qc.ca\/index.php?rest_route=\/wp\/v2\/pages"}],"about":[{"href":"https:\/\/www.frfce.qc.ca\/index.php?rest_route=\/wp\/v2\/types\/page"}],"author":[{"embeddable":true,"href":"https:\/\/www.frfce.qc.ca\/index.php?rest_route=\/wp\/v2\/users\/1"}],"replies":[{"embeddable":true,"href":"https:\/\/www.frfce.qc.ca\/index.php?rest_route=%2Fwp%2Fv2%2Fcomments&post=12"}],"version-history":[{"count":8,"href":"https:\/\/www.frfce.qc.ca\/index.php?rest_route=\/wp\/v2\/pages\/12\/revisions"}],"predecessor-version":[{"id":454,"href":"https:\/\/www.frfce.qc.ca\/index.php?rest_route=\/wp\/v2\/pages\/12\/revisions\/454"}],"up":[{"embeddable":true,"href":"https:\/\/www.frfce.qc.ca\/index.php?rest_route=\/wp\/v2\/pages\/10"}],"wp:attachment":[{"href":"https:\/\/www.frfce.qc.ca\/index.php?rest_route=%2Fwp%2Fv2%2Fmedia&parent=12"}],"curies":[{"name":"wp","href":"https:\/\/api.w.org\/{rel}","templated":true}]}}