{"id":14,"date":"2014-08-12T11:34:04","date_gmt":"2014-08-12T15:34:04","guid":{"rendered":"http:\/\/www.frfce.qc.ca\/?page_id=14"},"modified":"2014-09-12T14:44:19","modified_gmt":"2014-09-12T18:44:19","slug":"formation-detudiants","status":"publish","type":"page","link":"https:\/\/www.frfce.qc.ca\/?page_id=14","title":{"rendered":"Formation d\u2019\u00e9tudiants"},"content":{"rendered":"<p><a href=\"http:\/\/www.frfce.qc.ca\/wp-content\/uploads\/2014\/08\/formation_etudiants.png\"><img loading=\"lazy\" decoding=\"async\" class=\"alignright size-full wp-image-79\" src=\"http:\/\/www.frfce.qc.ca\/wp-content\/uploads\/2014\/08\/formation_etudiants.png\" alt=\"formation d'\u00e9tudiants\" width=\"200\" height=\"200\" srcset=\"https:\/\/www.frfce.qc.ca\/wp-content\/uploads\/2014\/08\/formation_etudiants.png 200w, https:\/\/www.frfce.qc.ca\/wp-content\/uploads\/2014\/08\/formation_etudiants-150x150.png 150w, https:\/\/www.frfce.qc.ca\/wp-content\/uploads\/2014\/08\/formation_etudiants-50x50.png 50w\" sizes=\"auto, (max-width: 200px) 100vw, 200px\" \/><\/a>La formation d\u2019\u00e9tudiants et de stagiaires est un objectif important de la FRFCE. La fiducie appuie directement les \u00e9tudiants en offrant des bourses de stages ou d\u2019\u00e9tudes gradu\u00e9es en lien avec les projets de recherche. Elle facilite le travail de terrain et le contact avec les propri\u00e9taires forestiers.<\/p>\n<p>Depuis ses d\u00e9buts en 2007, la fiducie a octroy\u00e9 plus de 260\u00a0000\u00a0$ en bourses d\u2019\u00e9tudes. Cela a permis \u00e0 18 \u00e9tudiants provenant de diff\u00e9rents programmes universitaires et du r\u00e9seau coll\u00e9gial, de poursuivre leurs \u00e9tudes ou leurs stages \u00e0 titre de b\u00e9n\u00e9ficiaires de notre organisme de bienfaisance.<\/p>\n<p>Parmi les \u00e9tudiants gradu\u00e9s form\u00e9s ou en cours de formation, on compte Julien Fortier, Kathleen Boothroyd-Roberts, Caroline Tanguay, Azade Simavi, Denis Pageault et Caroline Hamelin.<\/p>\n<p>Plusieurs stagiaires (1<sup>er<\/sup> cycle universitaire ou coll\u00e9gial) ont \u00e9galement particip\u00e9 \u00e0 des projets de recherche, notamment Joannie Lemelin, Marc-Antoine P\u00e9trin, Justine Schoeb, Annie Richard, Audr\u00e9e Laflamme, Marie-Christine Bellemare, Am\u00e9lie Lacroix-Dehours, Olivier Dubuc, Fran\u00e7ois Gendron, Laureen Martin, Martin Genest et Pierre-Olivier \u00c9mond.<\/p>\n<p>Certains de ces stagiaires ont \u00e9t\u00e9 ou sont pr\u00e9sentement des employ\u00e9s saisonniers pour la fiducie.<\/p>\n","protected":false},"excerpt":{"rendered":"<p>La formation d\u2019\u00e9tudiants et de stagiaires est un objectif important de la FRFCE. La fiducie appuie directement les \u00e9tudiants en offrant des bourses de stages ou d\u2019\u00e9tudes gradu\u00e9es en lien avec les projets de recherche. Elle facilite le travail de terrain et le contact avec les propri\u00e9taires forestiers. Depuis ses d\u00e9buts en 2007, la fiducie [&hellip;]<\/p>\n","protected":false},"author":1,"featured_media":0,"parent":12,"menu_order":0,"comment_status":"closed","ping_status":"closed","template":"","meta":{"footnotes":""},"class_list":["post-14","page","type-page","status-publish","hentry"],"_links":{"self":[{"href":"https:\/\/www.frfce.qc.ca\/index.php?rest_route=\/wp\/v2\/pages\/14","targetHints":{"allow":["GET"]}}],"collection":[{"href":"https:\/\/www.frfce.qc.ca\/index.php?rest_route=\/wp\/v2\/pages"}],"about":[{"href":"https:\/\/www.frfce.qc.ca\/index.php?rest_route=\/wp\/v2\/types\/page"}],"author":[{"embeddable":true,"href":"https:\/\/www.frfce.qc.ca\/index.php?rest_route=\/wp\/v2\/users\/1"}],"replies":[{"embeddable":true,"href":"https:\/\/www.frfce.qc.ca\/index.php?rest_route=%2Fwp%2Fv2%2Fcomments&post=14"}],"version-history":[{"count":5,"href":"https:\/\/www.frfce.qc.ca\/index.php?rest_route=\/wp\/v2\/pages\/14\/revisions"}],"predecessor-version":[{"id":446,"href":"https:\/\/www.frfce.qc.ca\/index.php?rest_route=\/wp\/v2\/pages\/14\/revisions\/446"}],"up":[{"embeddable":true,"href":"https:\/\/www.frfce.qc.ca\/index.php?rest_route=\/wp\/v2\/pages\/12"}],"wp:attachment":[{"href":"https:\/\/www.frfce.qc.ca\/index.php?rest_route=%2Fwp%2Fv2%2Fmedia&parent=14"}],"curies":[{"name":"wp","href":"https:\/\/api.w.org\/{rel}","templated":true}]}}