{"id":141,"date":"2014-08-15T09:37:56","date_gmt":"2014-08-15T13:37:56","guid":{"rendered":"http:\/\/www.frfce.qc.ca\/?page_id=141"},"modified":"2014-08-19T10:09:56","modified_gmt":"2014-08-19T14:09:56","slug":"zonage-forestier","status":"publish","type":"page","link":"https:\/\/www.frfce.qc.ca\/?page_id=141","title":{"rendered":"Zonage forestier"},"content":{"rendered":"<p>Le th\u00e8me zonage forestier vise \u00e0 int\u00e9grer, dans un m\u00eame mod\u00e8le d\u2019am\u00e9nagement, les connaissances d\u00e9velopp\u00e9es dans les th\u00e8mes de production, de restauration et de conservation de la ressource foresti\u00e8re. Un premier projet de zonage forestier est pr\u00e9sentement en cours sur l\u2019ensemble de la municipalit\u00e9 de Saint-Beno\u00eet-du-Lac. Un second projet vise \u00e0 \u00e9laborer des sc\u00e9narios de zonage forestier pour diff\u00e9rents secteurs, en propri\u00e9t\u00e9 priv\u00e9e, du sud du Qu\u00e9bec.<\/p>\n<p>&nbsp;<\/p>\n<table border=\"\">\n<tbody>\n<tr>\n<td><a title=\"\u00c9valuation d\u2019un sc\u00e9nario de zonage forestier pour la municipalit\u00e9 de Saint-Beno\u00eet- du-Lac\" href=\"http:\/\/www.frfce.qc.ca\/?page_id=161\"><img loading=\"lazy\" decoding=\"async\" class=\"alignnone size-full wp-image-120\" src=\"http:\/\/www.frfce.qc.ca\/wp-content\/uploads\/2014\/08\/zonage_forestier.png\" alt=\"zonage forestier\" width=\"200\" height=\"200\" srcset=\"https:\/\/www.frfce.qc.ca\/wp-content\/uploads\/2014\/08\/zonage_forestier.png 200w, https:\/\/www.frfce.qc.ca\/wp-content\/uploads\/2014\/08\/zonage_forestier-150x150.png 150w, https:\/\/www.frfce.qc.ca\/wp-content\/uploads\/2014\/08\/zonage_forestier-50x50.png 50w\" sizes=\"auto, (max-width: 200px) 100vw, 200px\" \/><\/a><\/td>\n<td><a title=\"\u00c9valuation d\u2019un sc\u00e9nario de zonage forestier pour la municipalit\u00e9 de Saint-Beno\u00eet- du-Lac\" href=\"http:\/\/www.frfce.qc.ca\/?page_id=161\">\u00c9valuation d\u2019un sc\u00e9nario de zonage forestier pour la municipalit\u00e9 de Saint-Beno\u00eet-du-Lac<\/a><\/td>\n<\/tr>\n<tr>\n<td><a title=\"Sc\u00e9narios de zonage forestier pour divers secteurs du sud du Qu\u00e9bec\" href=\"http:\/\/www.frfce.qc.ca\/?page_id=148\"><img loading=\"lazy\" decoding=\"async\" class=\"alignnone size-full wp-image-144\" src=\"http:\/\/www.frfce.qc.ca\/wp-content\/uploads\/2014\/08\/zonage-forestier_sud_du_quebec.png\" alt=\"zonage forestier sud du Qu\u00e9bec\" width=\"200\" height=\"200\" srcset=\"https:\/\/www.frfce.qc.ca\/wp-content\/uploads\/2014\/08\/zonage-forestier_sud_du_quebec.png 200w, https:\/\/www.frfce.qc.ca\/wp-content\/uploads\/2014\/08\/zonage-forestier_sud_du_quebec-150x150.png 150w, https:\/\/www.frfce.qc.ca\/wp-content\/uploads\/2014\/08\/zonage-forestier_sud_du_quebec-50x50.png 50w\" sizes=\"auto, (max-width: 200px) 100vw, 200px\" \/><\/a><\/td>\n<td><a title=\"Sc\u00e9narios de zonage forestier pour divers secteurs du sud du Qu\u00e9bec\" href=\"http:\/\/www.frfce.qc.ca\/?page_id=148\">Sc\u00e9narios de zonage forestier pour divers secteurs du sud du Qu\u00e9bec<\/a><\/td>\n<\/tr>\n<\/tbody>\n<\/table>\n","protected":false},"excerpt":{"rendered":"<p>Le th\u00e8me zonage forestier vise \u00e0 int\u00e9grer, dans un m\u00eame mod\u00e8le d\u2019am\u00e9nagement, les connaissances d\u00e9velopp\u00e9es dans les th\u00e8mes de production, de restauration et de conservation de la ressource foresti\u00e8re. Un premier projet de zonage forestier est pr\u00e9sentement en cours sur l\u2019ensemble de la municipalit\u00e9 de Saint-Beno\u00eet-du-Lac. Un second projet vise \u00e0 \u00e9laborer des sc\u00e9narios de [&hellip;]<\/p>\n","protected":false},"author":1,"featured_media":0,"parent":16,"menu_order":4,"comment_status":"closed","ping_status":"closed","template":"","meta":{"footnotes":""},"class_list":["post-141","page","type-page","status-publish","hentry"],"_links":{"self":[{"href":"https:\/\/www.frfce.qc.ca\/index.php?rest_route=\/wp\/v2\/pages\/141","targetHints":{"allow":["GET"]}}],"collection":[{"href":"https:\/\/www.frfce.qc.ca\/index.php?rest_route=\/wp\/v2\/pages"}],"about":[{"href":"https:\/\/www.frfce.qc.ca\/index.php?rest_route=\/wp\/v2\/types\/page"}],"author":[{"embeddable":true,"href":"https:\/\/www.frfce.qc.ca\/index.php?rest_route=\/wp\/v2\/users\/1"}],"replies":[{"embeddable":true,"href":"https:\/\/www.frfce.qc.ca\/index.php?rest_route=%2Fwp%2Fv2%2Fcomments&post=141"}],"version-history":[{"count":7,"href":"https:\/\/www.frfce.qc.ca\/index.php?rest_route=\/wp\/v2\/pages\/141\/revisions"}],"predecessor-version":[{"id":270,"href":"https:\/\/www.frfce.qc.ca\/index.php?rest_route=\/wp\/v2\/pages\/141\/revisions\/270"}],"up":[{"embeddable":true,"href":"https:\/\/www.frfce.qc.ca\/index.php?rest_route=\/wp\/v2\/pages\/16"}],"wp:attachment":[{"href":"https:\/\/www.frfce.qc.ca\/index.php?rest_route=%2Fwp%2Fv2%2Fmedia&parent=141"}],"curies":[{"name":"wp","href":"https:\/\/api.w.org\/{rel}","templated":true}]}}