{"id":16,"date":"2014-08-12T11:36:55","date_gmt":"2014-08-12T15:36:55","guid":{"rendered":"http:\/\/www.frfce.qc.ca\/?page_id=16"},"modified":"2014-08-20T14:18:49","modified_gmt":"2014-08-20T18:18:49","slug":"projets-de-recherche","status":"publish","type":"page","link":"https:\/\/www.frfce.qc.ca\/?page_id=16","title":{"rendered":"Projets de recherche"},"content":{"rendered":"<p>Les projets de recherche de la FRFCE sont r\u00e9partis en trois grands th\u00e8mes qui touchent l\u2019am\u00e9nagement forestier, mais \u00e9galement l\u2019am\u00e9nagement du territoire en g\u00e9n\u00e9ral\u00a0:<\/p>\n<table border=\"\">\n<tbody>\n<tr>\n<td><a title=\"Production de la ressource foresti\u00e8re\" href=\"http:\/\/www.frfce.qc.ca\/?page_id=18\"><img loading=\"lazy\" decoding=\"async\" class=\"alignnone size-full wp-image-78\" src=\"http:\/\/www.frfce.qc.ca\/wp-content\/uploads\/2014\/08\/production_ressource_forestiere.png\" alt=\"production de la ressource foresti\u00e8re\" width=\"200\" height=\"200\" srcset=\"https:\/\/www.frfce.qc.ca\/wp-content\/uploads\/2014\/08\/production_ressource_forestiere.png 200w, https:\/\/www.frfce.qc.ca\/wp-content\/uploads\/2014\/08\/production_ressource_forestiere-150x150.png 150w, https:\/\/www.frfce.qc.ca\/wp-content\/uploads\/2014\/08\/production_ressource_forestiere-50x50.png 50w\" sizes=\"auto, (max-width: 200px) 100vw, 200px\" \/><\/a><\/td>\n<td><a title=\"Restauration de la for\u00eat\" href=\"http:\/\/www.frfce.qc.ca\/?page_id=20\"><img loading=\"lazy\" decoding=\"async\" class=\"alignnone size-full wp-image-77\" src=\"http:\/\/www.frfce.qc.ca\/wp-content\/uploads\/2014\/08\/restauration_foret.png\" alt=\"restauration de la for\u00eat\" width=\"200\" height=\"200\" srcset=\"https:\/\/www.frfce.qc.ca\/wp-content\/uploads\/2014\/08\/restauration_foret.png 200w, https:\/\/www.frfce.qc.ca\/wp-content\/uploads\/2014\/08\/restauration_foret-150x150.png 150w, https:\/\/www.frfce.qc.ca\/wp-content\/uploads\/2014\/08\/restauration_foret-50x50.png 50w\" sizes=\"auto, (max-width: 200px) 100vw, 200px\" \/><\/a><\/td>\n<td><a title=\"Conservation de la for\u00eat\" href=\"http:\/\/www.frfce.qc.ca\/?page_id=22\"><img loading=\"lazy\" decoding=\"async\" class=\"alignnone size-full wp-image-76\" src=\"http:\/\/www.frfce.qc.ca\/wp-content\/uploads\/2014\/08\/conservation_foret.png\" alt=\"conservation de la for\u00eat\" width=\"200\" height=\"200\" srcset=\"https:\/\/www.frfce.qc.ca\/wp-content\/uploads\/2014\/08\/conservation_foret.png 200w, https:\/\/www.frfce.qc.ca\/wp-content\/uploads\/2014\/08\/conservation_foret-150x150.png 150w, https:\/\/www.frfce.qc.ca\/wp-content\/uploads\/2014\/08\/conservation_foret-50x50.png 50w\" sizes=\"auto, (max-width: 200px) 100vw, 200px\" \/><\/a><\/td>\n<\/tr>\n<tr>\n<td><a title=\"Production de la ressource foresti\u00e8re\" href=\"http:\/\/www.frfce.qc.ca\/?page_id=18\">Production de la ressource foresti\u00e8re<\/a><\/td>\n<td><a title=\"Restauration de la for\u00eat\" href=\"http:\/\/www.frfce.qc.ca\/?page_id=20\">Restauration de la for\u00eat<\/a><\/td>\n<td><span class=\"Apple-style-span\"><a title=\"Conservation de la for\u00eat\" href=\"http:\/\/www.frfce.qc.ca\/?page_id=22\">Conservation de la for\u00eat<\/a><\/span><\/td>\n<\/tr>\n<\/tbody>\n<\/table>\n<p>&nbsp;<\/p>\n<p>Un projet de recherche de zonage forestier, visant l\u2019int\u00e9gration de ces trois th\u00e8mes, est en cours sur plusieurs propri\u00e9t\u00e9s priv\u00e9es du sud du Qu\u00e9bec.<\/p>\n<table border=\"\">\n<tbody>\n<tr>\n<td><a title=\"Zonage forestier\" href=\"http:\/\/www.frfce.qc.ca\/?page_id=141\"><img loading=\"lazy\" decoding=\"async\" class=\"alignnone size-full wp-image-120\" src=\"http:\/\/www.frfce.qc.ca\/wp-content\/uploads\/2014\/08\/zonage_forestier.png\" alt=\"zonage forestier\" width=\"200\" height=\"200\" srcset=\"https:\/\/www.frfce.qc.ca\/wp-content\/uploads\/2014\/08\/zonage_forestier.png 200w, https:\/\/www.frfce.qc.ca\/wp-content\/uploads\/2014\/08\/zonage_forestier-150x150.png 150w, https:\/\/www.frfce.qc.ca\/wp-content\/uploads\/2014\/08\/zonage_forestier-50x50.png 50w\" sizes=\"auto, (max-width: 200px) 100vw, 200px\" \/><\/a><\/td>\n<td><\/td>\n<td><\/td>\n<\/tr>\n<tr>\n<td><a title=\"Zonage forestier\" href=\"http:\/\/www.frfce.qc.ca\/?page_id=141\">Zonage forestier<\/a><\/td>\n<td><\/td>\n<td><\/td>\n<\/tr>\n<\/tbody>\n<\/table>\n","protected":false},"excerpt":{"rendered":"<p>Les projets de recherche de la FRFCE sont r\u00e9partis en trois grands th\u00e8mes qui touchent l\u2019am\u00e9nagement forestier, mais \u00e9galement l\u2019am\u00e9nagement du territoire en g\u00e9n\u00e9ral\u00a0: Production de la ressource foresti\u00e8re Restauration de la for\u00eat Conservation de la for\u00eat &nbsp; Un projet de recherche de zonage forestier, visant l\u2019int\u00e9gration de ces trois th\u00e8mes, est en cours sur [&hellip;]<\/p>\n","protected":false},"author":1,"featured_media":0,"parent":0,"menu_order":3,"comment_status":"closed","ping_status":"closed","template":"","meta":{"footnotes":""},"class_list":["post-16","page","type-page","status-publish","hentry"],"_links":{"self":[{"href":"https:\/\/www.frfce.qc.ca\/index.php?rest_route=\/wp\/v2\/pages\/16","targetHints":{"allow":["GET"]}}],"collection":[{"href":"https:\/\/www.frfce.qc.ca\/index.php?rest_route=\/wp\/v2\/pages"}],"about":[{"href":"https:\/\/www.frfce.qc.ca\/index.php?rest_route=\/wp\/v2\/types\/page"}],"author":[{"embeddable":true,"href":"https:\/\/www.frfce.qc.ca\/index.php?rest_route=\/wp\/v2\/users\/1"}],"replies":[{"embeddable":true,"href":"https:\/\/www.frfce.qc.ca\/index.php?rest_route=%2Fwp%2Fv2%2Fcomments&post=16"}],"version-history":[{"count":9,"href":"https:\/\/www.frfce.qc.ca\/index.php?rest_route=\/wp\/v2\/pages\/16\/revisions"}],"predecessor-version":[{"id":299,"href":"https:\/\/www.frfce.qc.ca\/index.php?rest_route=\/wp\/v2\/pages\/16\/revisions\/299"}],"wp:attachment":[{"href":"https:\/\/www.frfce.qc.ca\/index.php?rest_route=%2Fwp%2Fv2%2Fmedia&parent=16"}],"curies":[{"name":"wp","href":"https:\/\/api.w.org\/{rel}","templated":true}]}}