{"id":18,"date":"2014-08-12T11:38:12","date_gmt":"2014-08-12T15:38:12","guid":{"rendered":"http:\/\/www.frfce.qc.ca\/?page_id=18"},"modified":"2014-08-20T14:20:16","modified_gmt":"2014-08-20T18:20:16","slug":"production-de-la-ressource-forestiere","status":"publish","type":"page","link":"https:\/\/www.frfce.qc.ca\/?page_id=18","title":{"rendered":"Production de la ressource foresti\u00e8re"},"content":{"rendered":"<p>La production accrue de bois dans un contexte d\u2019am\u00e9nagement forestier durable est un enjeu important pour la FRFCE. Trois projets de recherche novateurs s\u2019inscrivent dans ce th\u00e8me. Ils font appel au potentiel du territoire agricole pour accro\u00eetre la production de la ressource foresti\u00e8re.<\/p>\n<p>&nbsp;<\/p>\n<table border=\"\">\n<tbody>\n<tr>\n<td><a title=\"Rendement des plantations de peuplier hybride sur les terres agricoles abandonn\u00e9es\" href=\"http:\/\/www.frfce.qc.ca\/?page_id=214\"><img loading=\"lazy\" decoding=\"async\" class=\"alignnone size-full wp-image-125\" src=\"http:\/\/www.frfce.qc.ca\/wp-content\/uploads\/2014\/08\/rendement_peuplier_terre_agricole.png\" alt=\"rendement des peupliers hybrides sur des terres agricoles abandonn\u00e9es\" width=\"200\" height=\"200\" srcset=\"https:\/\/www.frfce.qc.ca\/wp-content\/uploads\/2014\/08\/rendement_peuplier_terre_agricole.png 200w, https:\/\/www.frfce.qc.ca\/wp-content\/uploads\/2014\/08\/rendement_peuplier_terre_agricole-150x150.png 150w, https:\/\/www.frfce.qc.ca\/wp-content\/uploads\/2014\/08\/rendement_peuplier_terre_agricole-50x50.png 50w\" sizes=\"auto, (max-width: 200px) 100vw, 200px\" \/><\/a><\/td>\n<td><a title=\"Rendement des plantations de peuplier hybride sur les terres agricoles abandonn\u00e9es\" href=\"http:\/\/www.frfce.qc.ca\/?page_id=214\">Rendement des plantations de peuplier hybride sur les terres agricoles abandonn\u00e9es<\/a><\/td>\n<\/tr>\n<tr>\n<td><a title=\"Production de bois et de biomasse dans les bandes riveraines agricoles de peuplier hybride\" href=\"http:\/\/www.frfce.qc.ca\/?page_id=202\"><img loading=\"lazy\" decoding=\"async\" class=\"alignnone size-full wp-image-78\" src=\"http:\/\/www.frfce.qc.ca\/wp-content\/uploads\/2014\/08\/production_ressource_forestiere.png\" alt=\"production de la ressource foresti\u00e8re\" width=\"200\" height=\"200\" srcset=\"https:\/\/www.frfce.qc.ca\/wp-content\/uploads\/2014\/08\/production_ressource_forestiere.png 200w, https:\/\/www.frfce.qc.ca\/wp-content\/uploads\/2014\/08\/production_ressource_forestiere-150x150.png 150w, https:\/\/www.frfce.qc.ca\/wp-content\/uploads\/2014\/08\/production_ressource_forestiere-50x50.png 50w\" sizes=\"auto, (max-width: 200px) 100vw, 200px\" \/><\/a><\/td>\n<td><a title=\"Production de bois et de biomasse dans les bandes riveraines agricoles de peuplier hybride\" href=\"http:\/\/www.frfce.qc.ca\/?page_id=202\">Production de bois et de biomasse dans les bandes riveraines agricoles de peuplier hybride<\/a><\/td>\n<\/tr>\n<tr>\n<td><a title=\"Effet de l\u2019espacement sur le rendement du peuplier hybride en friche agricole\" href=\"http:\/\/www.frfce.qc.ca\/?page_id=197\"><img loading=\"lazy\" decoding=\"async\" class=\"alignnone size-full wp-image-126\" src=\"http:\/\/www.frfce.qc.ca\/wp-content\/uploads\/2014\/08\/espacement_rendement_peuplier_friche.png\" alt=\"espacement sur le rendement du peuplier hybride en friche agricole\" width=\"200\" height=\"200\" srcset=\"https:\/\/www.frfce.qc.ca\/wp-content\/uploads\/2014\/08\/espacement_rendement_peuplier_friche.png 200w, https:\/\/www.frfce.qc.ca\/wp-content\/uploads\/2014\/08\/espacement_rendement_peuplier_friche-150x150.png 150w, https:\/\/www.frfce.qc.ca\/wp-content\/uploads\/2014\/08\/espacement_rendement_peuplier_friche-50x50.png 50w\" sizes=\"auto, (max-width: 200px) 100vw, 200px\" \/><\/a><\/td>\n<td><a title=\"Effet de l\u2019espacement sur le rendement du peuplier hybride en friche agricole\" href=\"http:\/\/www.frfce.qc.ca\/?page_id=197\">Effet de l\u2019espacement sur le rendement du peuplier hybride en friche agricole<\/a><\/td>\n<\/tr>\n<\/tbody>\n<\/table>\n","protected":false},"excerpt":{"rendered":"<p>La production accrue de bois dans un contexte d\u2019am\u00e9nagement forestier durable est un enjeu important pour la FRFCE. Trois projets de recherche novateurs s\u2019inscrivent dans ce th\u00e8me. Ils font appel au potentiel du territoire agricole pour accro\u00eetre la production de la ressource foresti\u00e8re. &nbsp; Rendement des plantations de peuplier hybride sur les terres agricoles abandonn\u00e9es [&hellip;]<\/p>\n","protected":false},"author":1,"featured_media":0,"parent":16,"menu_order":1,"comment_status":"closed","ping_status":"closed","template":"","meta":{"footnotes":""},"class_list":["post-18","page","type-page","status-publish","hentry"],"_links":{"self":[{"href":"https:\/\/www.frfce.qc.ca\/index.php?rest_route=\/wp\/v2\/pages\/18","targetHints":{"allow":["GET"]}}],"collection":[{"href":"https:\/\/www.frfce.qc.ca\/index.php?rest_route=\/wp\/v2\/pages"}],"about":[{"href":"https:\/\/www.frfce.qc.ca\/index.php?rest_route=\/wp\/v2\/types\/page"}],"author":[{"embeddable":true,"href":"https:\/\/www.frfce.qc.ca\/index.php?rest_route=\/wp\/v2\/users\/1"}],"replies":[{"embeddable":true,"href":"https:\/\/www.frfce.qc.ca\/index.php?rest_route=%2Fwp%2Fv2%2Fcomments&post=18"}],"version-history":[{"count":6,"href":"https:\/\/www.frfce.qc.ca\/index.php?rest_route=\/wp\/v2\/pages\/18\/revisions"}],"predecessor-version":[{"id":300,"href":"https:\/\/www.frfce.qc.ca\/index.php?rest_route=\/wp\/v2\/pages\/18\/revisions\/300"}],"up":[{"embeddable":true,"href":"https:\/\/www.frfce.qc.ca\/index.php?rest_route=\/wp\/v2\/pages\/16"}],"wp:attachment":[{"href":"https:\/\/www.frfce.qc.ca\/index.php?rest_route=%2Fwp%2Fv2%2Fmedia&parent=18"}],"curies":[{"name":"wp","href":"https:\/\/api.w.org\/{rel}","templated":true}]}}