{"id":20,"date":"2014-08-12T11:39:39","date_gmt":"2014-08-12T15:39:39","guid":{"rendered":"http:\/\/www.frfce.qc.ca\/?page_id=20"},"modified":"2014-09-15T11:10:47","modified_gmt":"2014-09-15T15:10:47","slug":"restauration-de-la-foret","status":"publish","type":"page","link":"https:\/\/www.frfce.qc.ca\/?page_id=20","title":{"rendered":"Restauration de la for\u00eat"},"content":{"rendered":"<p>Les projets de recherche sur la restauration de la for\u00eat en territoire habit\u00e9 touchent autant les milieux forestiers agricoles que montagneux. Un des plus vieux dispositifs d\u2019enrichissement d\u2019une for\u00eat d\u00e9grad\u00e9e avec des ch\u00eanes a \u00e9t\u00e9 effectu\u00e9 en 1991 \u00e0 Saint-Beno\u00eet-du-Lac et il continue d\u2019\u00eatre \u00e9tudi\u00e9.<\/p>\n<p>Nous avons \u00e9galement\u00a0\u00e9tabli deux plantations exp\u00e9rimentales multi-esp\u00e8ces, \u00e0 grande \u00e9chelle, en bordure de cours d\u2019eau en zone agricole. Chacune de celles-ci s\u2019\u00e9tend sur 1 km de cours d\u2019eau.<\/p>\n<p>Aussi, nous avons effectu\u00e9 une plantation exp\u00e9rimentale avec des feuillus nobles et des pins au Mont Brome, o\u00f9 l\u2019effet des diff\u00e9rentes conditions environnementales sur la croissance des arbres sera \u00e9valu\u00e9.<\/p>\n<p>De plus, nous \u00e9tudions le potentiel du peuplier hybride (bande riveraine et plantation en friche) pour restaurer diff\u00e9rents services \u00e9cosyst\u00e9miques en milieu agricole (habitat pour la biodiversit\u00e9, stockage du carbone, protection des cours d\u2019eau, etc.).<\/p>\n<p>Enfin, nous \u00e9valuons l\u2019impact du nerprun bourdaine, un arbuste exotique envahissant, sur le succ\u00e8s de restauration des feuillus nobles et des plantes herbac\u00e9es foresti\u00e8res plant\u00e9s en sous-bois d\u2019une plantation de peuplier mature colonis\u00e9e par le nerprun.<\/p>\n<table border=\"\">\n<tbody>\n<tr>\n<td><a title=\"Enrichissement d\u2019une for\u00eat d\u00e9grad\u00e9e avec le ch\u00eane rouge, le ch\u00eane \u00e0 gros fruit et le pin blanc\" href=\"http:\/\/www.frfce.qc.ca\/?page_id=260\"><img loading=\"lazy\" decoding=\"async\" class=\"alignnone wp-image-469 size-full\" src=\"http:\/\/www.frfce.qc.ca\/wp-content\/uploads\/2014\/08\/croissance_chene_rouge_chablis.png\" alt=\"\" width=\"200\" height=\"200\" srcset=\"https:\/\/www.frfce.qc.ca\/wp-content\/uploads\/2014\/08\/croissance_chene_rouge_chablis.png 200w, https:\/\/www.frfce.qc.ca\/wp-content\/uploads\/2014\/08\/croissance_chene_rouge_chablis-150x150.png 150w, https:\/\/www.frfce.qc.ca\/wp-content\/uploads\/2014\/08\/croissance_chene_rouge_chablis-50x50.png 50w\" sizes=\"auto, (max-width: 200px) 100vw, 200px\" \/><\/a><\/td>\n<td><a title=\"Enrichissement d\u2019une for\u00eat d\u00e9grad\u00e9e avec le ch\u00eane rouge et le ch\u00eane \u00e0 gros fruit\" href=\"http:\/\/www.frfce.qc.ca\/?page_id=260\">Enrichissement d\u2019une for\u00eat d\u00e9grad\u00e9e avec le ch\u00eane rouge et le ch\u00eane \u00e0 gros fruit<\/a><\/td>\n<\/tr>\n<tr>\n<td><a title=\"Bandes d\u2019arbres multi-esp\u00e8ces en zone riveraine agricole\" href=\"http:\/\/www.frfce.qc.ca\/?page_id=253\"><img loading=\"lazy\" decoding=\"async\" class=\"alignnone size-full wp-image-131\" src=\"http:\/\/www.frfce.qc.ca\/wp-content\/uploads\/2014\/08\/bande_arbres_multi-especes_zone_riveraine_agricole.png\" alt=\"bandes d'arbres multi-esp\u00e8ces en zone riveraine agricolegricole\" width=\"200\" height=\"200\" srcset=\"https:\/\/www.frfce.qc.ca\/wp-content\/uploads\/2014\/08\/bande_arbres_multi-especes_zone_riveraine_agricole.png 200w, https:\/\/www.frfce.qc.ca\/wp-content\/uploads\/2014\/08\/bande_arbres_multi-especes_zone_riveraine_agricole-150x150.png 150w, https:\/\/www.frfce.qc.ca\/wp-content\/uploads\/2014\/08\/bande_arbres_multi-especes_zone_riveraine_agricole-50x50.png 50w\" sizes=\"auto, (max-width: 200px) 100vw, 200px\" \/><\/a><\/td>\n<td><a title=\"Bandes d\u2019arbres multi-esp\u00e8ces en zone riveraine agricole\" href=\"http:\/\/www.frfce.qc.ca\/?page_id=253\">Bandes d\u2019arbres multi-esp\u00e8ces en zone riveraine agricole<\/a><\/td>\n<\/tr>\n<tr>\n<td><a title=\"Restauration des feuillus nobles et des pins sur le Mont Brome\" href=\"http:\/\/www.frfce.qc.ca\/?page_id=247\"><img loading=\"lazy\" decoding=\"async\" class=\"alignnone size-full wp-image-132\" src=\"http:\/\/www.frfce.qc.ca\/wp-content\/uploads\/2014\/08\/restauration_feuillus_nobles_pins.png\" alt=\"restauration des feuillus nobles et des pins sur le Mont Brome\" width=\"200\" height=\"200\" srcset=\"https:\/\/www.frfce.qc.ca\/wp-content\/uploads\/2014\/08\/restauration_feuillus_nobles_pins.png 200w, https:\/\/www.frfce.qc.ca\/wp-content\/uploads\/2014\/08\/restauration_feuillus_nobles_pins-150x150.png 150w, https:\/\/www.frfce.qc.ca\/wp-content\/uploads\/2014\/08\/restauration_feuillus_nobles_pins-50x50.png 50w\" sizes=\"auto, (max-width: 200px) 100vw, 200px\" \/><\/a><\/td>\n<td><a title=\"Restauration des feuillus nobles et des pins sur le Mont Brome\" href=\"http:\/\/www.frfce.qc.ca\/?page_id=247\">Restauration des feuillus nobles et des pins sur le Mont Brome<\/a><\/td>\n<\/tr>\n<tr>\n<td><a title=\"Plantations de peuplier hybride en friche agricole : un outil de restauration de la for\u00eat\" href=\"http:\/\/www.frfce.qc.ca\/?page_id=241\"><img loading=\"lazy\" decoding=\"async\" class=\"alignnone size-full wp-image-77\" src=\"http:\/\/www.frfce.qc.ca\/wp-content\/uploads\/2014\/08\/restauration_foret.png\" alt=\"restauration de la for\u00eat\" width=\"200\" height=\"200\" srcset=\"https:\/\/www.frfce.qc.ca\/wp-content\/uploads\/2014\/08\/restauration_foret.png 200w, https:\/\/www.frfce.qc.ca\/wp-content\/uploads\/2014\/08\/restauration_foret-150x150.png 150w, https:\/\/www.frfce.qc.ca\/wp-content\/uploads\/2014\/08\/restauration_foret-50x50.png 50w\" sizes=\"auto, (max-width: 200px) 100vw, 200px\" \/><\/a><\/td>\n<td><a title=\"Plantations de peuplier hybride en friche agricole : un outil de restauration de la for\u00eat\" href=\"http:\/\/www.frfce.qc.ca\/?page_id=241\">Les plantations de peuplier hybride en friche agricole\u00a0: un outil de restauration de la for\u00eat<\/a><\/td>\n<\/tr>\n<tr>\n<td><a title=\"Restauration de services \u00e9cosyst\u00e9miques sur la ferme avec les bandes riveraines de peuplier hybride\" href=\"http:\/\/www.frfce.qc.ca\/?page_id=230\"><img loading=\"lazy\" decoding=\"async\" class=\"alignnone size-full wp-image-133\" src=\"http:\/\/www.frfce.qc.ca\/wp-content\/uploads\/2014\/08\/restauration_services_ecosystemique_ferme_bande_riveraine_peuplier.png\" alt=\"restauration de services \u00e9cosyst\u00e9miques sur la ferme avec les bandes riveraines de peuplier hybride\" width=\"200\" height=\"200\" srcset=\"https:\/\/www.frfce.qc.ca\/wp-content\/uploads\/2014\/08\/restauration_services_ecosystemique_ferme_bande_riveraine_peuplier.png 200w, https:\/\/www.frfce.qc.ca\/wp-content\/uploads\/2014\/08\/restauration_services_ecosystemique_ferme_bande_riveraine_peuplier-150x150.png 150w, https:\/\/www.frfce.qc.ca\/wp-content\/uploads\/2014\/08\/restauration_services_ecosystemique_ferme_bande_riveraine_peuplier-50x50.png 50w\" sizes=\"auto, (max-width: 200px) 100vw, 200px\" \/><\/a><\/td>\n<td><a title=\"Restauration de services \u00e9cosyst\u00e9miques sur la ferme avec les bandes riveraines de peuplier hybride\" href=\"http:\/\/www.frfce.qc.ca\/?page_id=230\">Restauration de services \u00e9cosyst\u00e9miques sur la ferme avec les bandes riveraines de peuplier hybride<\/a><\/td>\n<\/tr>\n<tr>\n<td><a title=\"Effet du nerprun bourdaine sur la r\u00e9g\u00e9n\u00e9ration des arbres et sur les herbac\u00e9es foresti\u00e8res\" href=\"http:\/\/www.frfce.qc.ca\/?page_id=223\"><img loading=\"lazy\" decoding=\"async\" class=\"alignnone size-full wp-image-134\" src=\"http:\/\/www.frfce.qc.ca\/wp-content\/uploads\/2014\/08\/nerprun_bourdaine.png\" alt=\"nerprun bourdaine\" width=\"200\" height=\"200\" srcset=\"https:\/\/www.frfce.qc.ca\/wp-content\/uploads\/2014\/08\/nerprun_bourdaine.png 200w, https:\/\/www.frfce.qc.ca\/wp-content\/uploads\/2014\/08\/nerprun_bourdaine-150x150.png 150w, https:\/\/www.frfce.qc.ca\/wp-content\/uploads\/2014\/08\/nerprun_bourdaine-50x50.png 50w\" sizes=\"auto, (max-width: 200px) 100vw, 200px\" \/><\/a><\/td>\n<td><a title=\"Effet du nerprun bourdaine sur la r\u00e9g\u00e9n\u00e9ration des arbres et sur les herbac\u00e9es foresti\u00e8res\" href=\"http:\/\/www.frfce.qc.ca\/?page_id=223\">Effet du nerprun bourdaine sur la r\u00e9g\u00e9n\u00e9ration des arbres et sur les herbac\u00e9es foresti\u00e8res<\/a><\/td>\n<\/tr>\n<\/tbody>\n<\/table>\n","protected":false},"excerpt":{"rendered":"<p>Les projets de recherche sur la restauration de la for\u00eat en territoire habit\u00e9 touchent autant les milieux forestiers agricoles que montagneux. Un des plus vieux dispositifs d\u2019enrichissement d\u2019une for\u00eat d\u00e9grad\u00e9e avec des ch\u00eanes a \u00e9t\u00e9 effectu\u00e9 en 1991 \u00e0 Saint-Beno\u00eet-du-Lac et il continue d\u2019\u00eatre \u00e9tudi\u00e9. Nous avons \u00e9galement\u00a0\u00e9tabli deux plantations exp\u00e9rimentales multi-esp\u00e8ces, \u00e0 grande \u00e9chelle, [&hellip;]<\/p>\n","protected":false},"author":1,"featured_media":0,"parent":16,"menu_order":2,"comment_status":"closed","ping_status":"closed","template":"","meta":{"footnotes":""},"class_list":["post-20","page","type-page","status-publish","hentry"],"_links":{"self":[{"href":"https:\/\/www.frfce.qc.ca\/index.php?rest_route=\/wp\/v2\/pages\/20","targetHints":{"allow":["GET"]}}],"collection":[{"href":"https:\/\/www.frfce.qc.ca\/index.php?rest_route=\/wp\/v2\/pages"}],"about":[{"href":"https:\/\/www.frfce.qc.ca\/index.php?rest_route=\/wp\/v2\/types\/page"}],"author":[{"embeddable":true,"href":"https:\/\/www.frfce.qc.ca\/index.php?rest_route=\/wp\/v2\/users\/1"}],"replies":[{"embeddable":true,"href":"https:\/\/www.frfce.qc.ca\/index.php?rest_route=%2Fwp%2Fv2%2Fcomments&post=20"}],"version-history":[{"count":8,"href":"https:\/\/www.frfce.qc.ca\/index.php?rest_route=\/wp\/v2\/pages\/20\/revisions"}],"predecessor-version":[{"id":471,"href":"https:\/\/www.frfce.qc.ca\/index.php?rest_route=\/wp\/v2\/pages\/20\/revisions\/471"}],"up":[{"embeddable":true,"href":"https:\/\/www.frfce.qc.ca\/index.php?rest_route=\/wp\/v2\/pages\/16"}],"wp:attachment":[{"href":"https:\/\/www.frfce.qc.ca\/index.php?rest_route=%2Fwp%2Fv2%2Fmedia&parent=20"}],"curies":[{"name":"wp","href":"https:\/\/api.w.org\/{rel}","templated":true}]}}