{"id":271,"date":"2014-08-19T10:21:58","date_gmt":"2014-08-19T14:21:58","guid":{"rendered":"http:\/\/www.frfce.qc.ca\/?page_id=271"},"modified":"2014-09-15T09:38:28","modified_gmt":"2014-09-15T13:38:28","slug":"documentation","status":"publish","type":"page","link":"https:\/\/www.frfce.qc.ca\/?page_id=271","title":{"rendered":"Documentation"},"content":{"rendered":"<h3><strong>Articles scientifiques et professionnels<\/strong><\/h3>\n<p><strong>2013<\/strong><\/p>\n<p>&#8211;\u00a0\u00a0\u00a0\u00a0\u00a0\u00a0 Boothroyd-Roberts, K., D. Gagnon, et B. Truax. 2013. Hybrid poplar plantations are suitable habitat for reintroduced forest herbs with conservation status. SpringerPlus 2:1-13. <a href=\"http:\/\/www.springerplus.com\/content\/2\/1\/507\" target=\"_blank\">www.springerplus.com\/content\/2\/1\/507<\/a><\/p>\n<p>&#8211;\u00a0\u00a0\u00a0\u00a0\u00a0\u00a0 Boothroyd-Roberts, K., D. Gagnon, et B. Truax. 2013. Can hybrid poplar plantations accelerate the restoration of forest understory attributes on abandoned fields? Forest Ecology and Management 287:77-89.\u00a0<a href=\"http:\/\/www.sciencedirect.com\/science\/article\/pii\/S0378112712005555\" target=\"_blank\">www.sciencedirect.com\/science\/article\/pii\/S0378112712005555<\/a><\/p>\n<p>&#8211;\u00a0\u00a0\u00a0\u00a0\u00a0\u00a0 Fortier, J., B. Truax, D. Gagnon, et F. Lambert. 2013. Root biomass and soil carbon distribution in hybrid poplar riparian buffers, herbaceous riparian buffers and natural riparian woodlots on farmland. SpringerPlus 2:539.\u00a0<a href=\"http:\/\/www.springerplus.com\/content\/2\/1\/539\" target=\"_blank\">www.springerplus.com\/content\/2\/1\/539<\/a><\/p>\n<p>&#8211;\u00a0\u00a0\u00a0\u00a0\u00a0\u00a0 Fortier, J., B. Truax, D. Gagnon, et F. Lambert. 2013. Mature hybrid poplar riparian buffers along farm streams produce high yields in response to soil fertility assessed using three methods. Sustainability 5:1893-1916.\u00a0<a href=\"http:\/\/www.mdpi.com\/2071-1050\/5\/5\/1893\" target=\"_blank\">www.mdpi.com\/2071-1050\/5\/5\/1893<\/a><\/p>\n<p>&nbsp;<\/p>\n<p><strong>2012<\/strong><\/p>\n<p>&#8211;\u00a0\u00a0\u00a0\u00a0\u00a0\u00a0 Truax, B., D. Gagnon, J. Fortier, et F. Lambert. 2012. Yield in 8 year-old hybrid poplar plantations on abandoned farmland along climatic and soil fertility gradients. Forest Ecology and Management 267:228-239.\u00a0<a href=\"http:\/\/www.sciencedirect.com\/science\/article\/pii\/S0378112711007432\" target=\"_blank\">www.sciencedirect.com\/science\/article\/pii\/S0378112711007432<\/a><\/p>\n<p>&#8211;\u00a0\u00a0\u00a0\u00a0\u00a0\u00a0 Fortier, J., B. Truax, D. Gagnon, et F. Lambert. 2012. Hybrid poplar yields in Qu\u00e9bec: Implications for a sustainable forest zoning management system. The Forestry Chronicle 88:391-407.\u00a0<a href=\"http:\/\/pubs.cif-ifc.org\/doi\/abs\/10.5558\/tfc2012-075\" target=\"_blank\">http:\/\/pubs.cif-ifc.org\/doi\/abs\/10.5558\/tfc2012-075<\/a><\/p>\n<p>&#8211;\u00a0\u00a0\u00a0\u00a0\u00a0\u00a0 Fortier, J., B. Truax, F. Lambert, D. Gagnon, et N. Chevrier. 2012. Clone-specific response in leaf nitrate reductase activity among unrelated hybrid poplars in relation to soil nitrate availability. International Journal of Forestry Research 2012:1-10.\u00a0<a href=\"http:\/\/www.hindawi.com\/journals\/ijfr\/2012\/103878\/abs\/\" target=\"_blank\">www.hindawi.com\/journals\/ijfr\/2012\/103878\/abs\/<\/a><\/p>\n<p>&nbsp;<\/p>\n<p><strong>2011<\/strong><\/p>\n<p>&#8211;\u00a0\u00a0\u00a0\u00a0\u00a0\u00a0 Fortier, J., D. Gagnon, B. Truax, et F. Lambert. 2011. Understory plant diversity and biomass in hybrid poplar riparian buffer strips in pastures. New Forests 42:241-265. <a href=\"http:\/\/link.springer.com\/article\/10.1007\/s11056-011-9250-3\" target=\"_blank\">http:\/\/link.springer.com\/article\/10.1007\/s11056-011-9250-3<\/a><\/p>\n<p>&nbsp;<\/p>\n<p><strong>2010 et avant<\/strong><\/p>\n<p>&#8211;\u00a0\u00a0\u00a0\u00a0\u00a0\u00a0 Fortier, J., D. Gagnon, B. Truax, et F. Lambert. 2010. Nutrient accumulation and carbon sequestration in 6 year-old hybrid poplars in multiclonal agricultural riparian buffer strips. Agriculture, Ecosystems &amp; Environment 137:276-287. <a href=\"http:\/\/www.sciencedirect.com\/science\/article\/pii\/S0167880910000617\" target=\"_blank\">www.sciencedirect.com\/science\/article\/pii\/S0167880910000617<\/a><\/p>\n<p>&#8211;\u00a0\u00a0\u00a0\u00a0\u00a0\u00a0 Fortier, J., D. Gagnon, B. Truax, et F. Lambert. 2010. Biomass and volume yield after 6 years in multiclonal hybrid poplar riparian buffer strips. Biomass &amp; Bioenergy 34:1028-1040.\u00a0<a href=\"http:\/\/www.sciencedirect.com\/science\/article\/pii\/S0961953410000772\" target=\"_blank\">www.sciencedirect.com\/science\/article\/pii\/S0961953410000772<\/a><\/p>\n<p>&#8211;\u00a0\u00a0\u00a0\u00a0\u00a0\u00a0 Truax, B., F. Lambert, et D. Gagnon. 2000. Herbicide-free plantations of oaks and ashes along a gradient of open to forested mesic environments. Forest Ecology and Management 137:155-169.\u00a0<a href=\"http:\/\/www.sciencedirect.com\/science\/article\/pii\/S0378112799003242\" target=\"_blank\">www.sciencedirect.com\/science\/article\/pii\/S0378112799003242<\/a><\/p>\n<p>&nbsp;<\/p>\n<h2><\/h2>\n<h3><strong>Articles de vulgarisation\u00a0et fiches techniques<\/strong><strong>\u00a0<\/strong><\/h3>\n<p><strong>2014<\/strong><\/p>\n<p>&#8211;\u00a0\u00a0\u00a0\u00a0\u00a0\u00a0 Fortier, J., B. Truax, D. Gagnon, et F. Lambert. 2014. Racines et carbone dans le sol de bandes riveraines de peuplier hybride. Progr\u00e8s Forestier (Hiver 2014):8-12. <a href=\"http:\/\/www.afsq.org\/excursion_conference\/documents\/racines_carbone_bandes_riveraines_peuplier_hybride.pdf\" target=\"_blank\">www.afsq.org\/excursion_conference\/documents\/racines_carbone_bandes_riveraines_peuplier_hybride.pdf<\/a><\/p>\n<p>&nbsp;<\/p>\n<p><strong>2013<\/strong><\/p>\n<p>&#8211;\u00a0\u00a0\u00a0\u00a0\u00a0\u00a0 Fortier, J., B. Truax, D. Gagnon, et F. Lambert. 2013. Rendements impressionnants en bois et en biomasse dans des bandes riveraines matures de peuplier hybride. Progr\u00e8s Forestier (\u00c9t\u00e9 2013):18-22.<br \/>\n<a href=\"http:\/\/www.afsq.org\/excursion_conference\/documents\/bois_biomasse_bandes_riveraines_peuplier_hybride.pdf\" target=\"_blank\">www.afsq.org\/excursion_conference\/documents\/bois_biomasse_bandes_riveraines_peuplier_hybride.pdf<\/a><\/p>\n<p>&#8211;\u00a0\u00a0\u00a0\u00a0\u00a0\u00a0 Pageault, D., D. Gagnon, et B. Truax. 2013. Bandes riveraines de peupliers hybrides, un bon habitat pour la faune? Progr\u00e8s Forestier (Printemps 2013):9-12. <a href=\"http:\/\/www.afsq.org\/excursion_conference\/documents\/bandes_riveraines_peupliers_hybrides_habitat_faune.pdf\" target=\"_blank\">www.afsq.org\/excursion_conference\/documents\/bandes_riveraines_peupliers_hybrides_habitat_faune.pdf<\/a><\/p>\n<p>&#8211;\u00a0\u00a0\u00a0\u00a0\u00a0\u00a0 Truax, B. et D. Gagnon. 2013. Le zonage forestier appliqu\u00e9 \u00e0 la for\u00eat priv\u00e9e : concilier conservation, restauration et production. Progr\u00e8s Forestier (Hiver 2013):4-10. <a href=\"http:\/\/www.afsq.org\/excursion_conference\/documents\/zonage_forestier_conservation_restauration_production.pdf\" target=\"_blank\">www.afsq.org\/excursion_conference\/documents\/zonage_forestier_conservation_restauration_production.pdf<\/a><\/p>\n<p>&nbsp;<\/p>\n<p><strong>2012<\/strong><\/p>\n<p>&#8211;\u00a0\u00a0\u00a0\u00a0\u00a0\u00a0 Fortier, J., B. Truax et D. Gagnon. 2012. Peuplier hybride en zone riveraine : Am\u00e9liorer l\u2019agroenvironnement tout en produisant du bois. Agriculture et Agroalimentaire Canada. Fiche technique. 2e \u00c9dition, revue et augment\u00e9e.12 p.<br \/>\n<a href=\"http:\/\/www.agrireseau.qc.ca\/Agroforesterie\/documents\/Brochure_PEH_Zone_Riveraine_2012.pdf\" target=\"_blank\">www.agrireseau.qc.ca\/Agroforesterie\/documents\/Brochure_PEH_Zone_Riveraine_2012.pdf<\/a><\/p>\n<p>&#8211;\u00a0\u00a0\u00a0\u00a0\u00a0\u00a0 Schoeb, J., B. Truax, et D. Gagnon. 2012. Le nerprun bourdaine, un envahisseur \u00e0 la conqu\u00eate des for\u00eats du sud du Qu\u00e9bec. Progr\u00e8s Forestier (Printemps 2012):8-12.<br \/>\n<a href=\"http:\/\/www.afm.qc.ca\/UTCF\/APF_NerprunB.pdf\" target=\"_blank\">www.afm.qc.ca\/UTCF\/APF_NerprunB.pdf<\/a><\/p>\n<p>&#8211;\u00a0\u00a0\u00a0\u00a0\u00a0\u00a0 Simavi, A., D. Gagnon, et B. Truax. 2012. Les ruisseaux sous les bandes riveraines de peupliers hybrides, un bon habitat \u00e0 poisons? Progr\u00e8s Forestier (\u00c9t\u00e9 2012):34-38.<br \/>\n<a href=\"http:\/\/www.afsq.org\/progres_forestier\/archives\/faune\/2012-Ete-poisson.pdf\" target=\"_blank\">www.afsq.org\/progres_forestier\/archives\/faune\/2012-Ete-poisson.pdf<\/a><\/p>\n<p>&#8211;\u00a0\u00a0\u00a0\u00a0\u00a0\u00a0 Truax, B., D. Gagnon, J. Fortier, et F. Lambert. 2012. Choisir une friche propice \u00e0 la culture du peuplier hybride et estimer le rendement d\u2019une plantation. Progr\u00e8s Forestier (\u00c9t\u00e9 2012):8-13. <a href=\"http:\/\/www.afsq.org\/progres_forestier\/archives\/sylviculture\/2012-Ete-plantation.pdf\" target=\"_blank\">www.afsq.org\/progres_forestier\/archives\/sylviculture\/2012-Ete-plantation.pdf<\/a><\/p>\n<p>&nbsp;<\/p>\n<p><strong>2011<\/strong><\/p>\n<p>&#8211;\u00a0\u00a0\u00a0\u00a0\u00a0\u00a0 Fortier, J., D. Gagnon, B. Truax, et F. Lambert. 2011. Bandes riveraines de peupliers en milieu agricole: un gain pour la biodiversit\u00e9. Progr\u00e8s Forestier (Printemps 2011):4-7. <a href=\"http:\/\/www.afsq.org\/excursion_conference\/documents\/bandes_riveraines_peupliers_milieu_agricole_biodiversite.pdf\" target=\"_blank\">www.afsq.org\/excursion_conference\/documents\/bandes_riveraines_peupliers_milieu_agricole_biodiversite.pdf<\/a><\/p>\n<p>&#8211;\u00a0\u00a0\u00a0\u00a0\u00a0\u00a0 Tanguay, C., D. Gagnon, et B. Truax. 2011. Le noyer cendr\u00e9, arbre patrimonial menac\u00e9 de disparition. Progr\u00e8s Forestier (Hiver 2011):14-17.\u00a0<a href=\"http:\/\/www.afsq.org\/progres_forestier\/archives\/essences\/2011Hiver.pdf\" target=\"_blank\">www.afsq.org\/progres_forestier\/archives\/essences\/2011Hiver.pdf<\/a><\/p>\n<p>&nbsp;<\/p>\n<p><strong>2010<\/strong><\/p>\n<p>&#8211;\u00a0\u00a0\u00a0\u00a0\u00a0\u00a0 Boothroyd-Roberts, K., D. Gagnon, et B. Truax. 2010. En sous-bois de plantations de peupliers hybrides, une nouvelle vie pour les plantes foresti\u00e8res. Progr\u00e8s Forestier (Automne 2010):12-16. <a href=\"http:\/\/www.afsq.org\/excursion_conference\/documents\/plantes_forestieres_plantations_peupliers_hybrides.pdf\" target=\"_blank\">www.afsq.org\/excursion_conference\/documents\/plantes_forestieres_plantations_peupliers_hybrides.pdf<\/a><\/p>\n<p>&nbsp;<\/p>\n<p><strong>2009<\/strong><\/p>\n<p>&#8211;\u00a0\u00a0\u00a0\u00a0\u00a0\u00a0 Fortier, J., D. Gagnon, B. Truax, et F. Lambert. 2009. La production de bois et de biomasse dans les syst\u00e8mes riverains avec le peuplier hybride. Progr\u00e8s Forestier (\u00c9t\u00e9 2009):10-15.<br \/>\n<a href=\"http:\/\/www.afsq.org\/excursion_conference\/documents\/production_bois_biomasse_syst%C3%A8mes_riverains_peuplier_hybride.pdf\" target=\"_blank\">www.afsq.org\/excursion_conference\/documents\/production_bois_biomasse_syst%C3%A8mes_riverains_peuplier_hybride.pdf<\/a><strong><br \/>\n<\/strong><\/p>\n<p>&nbsp;<\/p>\n<p><strong>1999<\/strong><\/p>\n<p>&#8211; \u00a0 \u00a0 \u00a0 Truax, B. 1999. Plantation de feuillus par enrichissement de vieilles friches et de for\u00eats d\u00e9grad\u00e9es. Progr\u00e8s Forestier (Automne 1999):24-26.<br \/>\n<a href=\"http:\/\/www.frfce.qc.ca\/wp-content\/uploads\/2014\/08\/plantation_feuillus_enrichissement.pdf\">Consulter l&rsquo;article en ligne<\/a><\/p>\n<p>&nbsp;<\/p>\n<p><strong>\u00a0<\/strong><\/p>\n<p>&nbsp;<\/p>\n<h3><strong>Th\u00e8se et m\u00e9moires<\/strong><\/h3>\n<p>&#8211;\u00a0\u00a0\u00a0\u00a0\u00a0\u00a0 Pageault, D. 2013. Effet de bandes riveraines plant\u00e9es de peupliers hybrides sur la pr\u00e9sence et l\u2019abondance de micromammif\u00e8res et de picid\u00e9s en zone agricole du sud du Qu\u00e9bec. M\u00e9moire de ma\u00eetrise en Sciences de l\u2019environnement, Universit\u00e9 du Qu\u00e9bec \u00e0 Montr\u00e9al, Montr\u00e9al (QC), Canada.<\/p>\n<p>&#8211;\u00a0\u00a0\u00a0\u00a0\u00a0\u00a0 Simavi, M. A. 2012. Effet de plantations de bandes riveraines d&rsquo;arbres sur l&rsquo;abondance et la r\u00e9partition de la faune aquatique dans des ruisseaux d\u00e9grad\u00e9s de milieux agricoles dans les Cantons-de-l&rsquo;Est. M\u00e9moire de ma\u00eetrise en Sciences de l\u2019environnement, Universit\u00e9 du Qu\u00e9bec \u00e0 Montr\u00e9al, Montr\u00e9al (QC), Canada.\u00a0<a href=\"http:\/\/www.archipel.uqam.ca\/5338\/\" target=\"_blank\">www.archipel.uqam.ca\/5338\/<\/a><\/p>\n<p>&#8211;\u00a0\u00a0\u00a0\u00a0\u00a0\u00a0 Boothroyd-Roberts, K. 2011. Restoring forest habitat on abandoned fields using hybrid poplar plantations: understory attributes and suitability for forest understory plants. M\u00e9moire de ma\u00eetrise en Sciences de l\u2019environnement, Universit\u00e9 du Qu\u00e9bec \u00e0 Montr\u00e9al, Montr\u00e9al (QC), Canada. <a href=\"http:\/\/www.archipel.uqam.ca\/4023\/\" target=\"_blank\">www.archipel.uqam.ca\/4023\/<\/a><\/p>\n<p>&#8211;\u00a0\u00a0\u00a0\u00a0\u00a0\u00a0 Tanguay, C. 2011. Distribution, abondance et \u00e9tat de sant\u00e9 du noyer cendr\u00e9 (<em>Juglans cinerea<\/em>) en relation avec les gradients \u00e9cologiques dans les Cantons-de-l&rsquo;Est. M\u00e9moire de M.Sc. Universit\u00e9 du Qu\u00e9bec \u00e0 Montr\u00e9al, Montr\u00e9al (QC), Canada. M\u00e9moire de ma\u00eetrise en Biologie, Universit\u00e9 du Qu\u00e9bec \u00e0 Montr\u00e9al, Montr\u00e9al (QC), Canada.\u00a0<a href=\"http:\/\/www.archipel.uqam.ca\/4359\/\" target=\"_blank\">www.archipel.uqam.ca\/4359\/<\/a><\/p>\n<p><span class=\"Apple-style-span\">&#8211;\u00a0\u00a0\u00a0\u00a0\u00a0\u00a0\u00a0<\/span>Fortier, J. 2010. Peuplier hybride en zone riveraine agricole: production de bois, s\u00e9questration des nutriments et du carbone, et effet sur la diversit\u00e9 v\u00e9g\u00e9tale. Th\u00e8se de doctorat en Sciences de l\u2019environnment, Universit\u00e9 du Qu\u00e9bec \u00e0 Montr\u00e9al, Montr\u00e9al (QC), Canada. <a href=\"http:\/\/www.archipel.uqam.ca\/3591\/\" target=\"_blank\">www.archipel.uqam.ca\/3591\/<\/a><\/p>\n","protected":false},"excerpt":{"rendered":"<p>Articles scientifiques et professionnels 2013 &#8211;\u00a0\u00a0\u00a0\u00a0\u00a0\u00a0 Boothroyd-Roberts, K., D. Gagnon, et B. Truax. 2013. Hybrid poplar plantations are suitable habitat for reintroduced forest herbs with conservation status. SpringerPlus 2:1-13. www.springerplus.com\/content\/2\/1\/507 &#8211;\u00a0\u00a0\u00a0\u00a0\u00a0\u00a0 Boothroyd-Roberts, K., D. Gagnon, et B. Truax. 2013. Can hybrid poplar plantations accelerate the restoration of forest understory attributes on abandoned fields? Forest Ecology [&hellip;]<\/p>\n","protected":false},"author":1,"featured_media":0,"parent":0,"menu_order":5,"comment_status":"closed","ping_status":"closed","template":"","meta":{"footnotes":""},"class_list":["post-271","page","type-page","status-publish","hentry"],"_links":{"self":[{"href":"https:\/\/www.frfce.qc.ca\/index.php?rest_route=\/wp\/v2\/pages\/271","targetHints":{"allow":["GET"]}}],"collection":[{"href":"https:\/\/www.frfce.qc.ca\/index.php?rest_route=\/wp\/v2\/pages"}],"about":[{"href":"https:\/\/www.frfce.qc.ca\/index.php?rest_route=\/wp\/v2\/types\/page"}],"author":[{"embeddable":true,"href":"https:\/\/www.frfce.qc.ca\/index.php?rest_route=\/wp\/v2\/users\/1"}],"replies":[{"embeddable":true,"href":"https:\/\/www.frfce.qc.ca\/index.php?rest_route=%2Fwp%2Fv2%2Fcomments&post=271"}],"version-history":[{"count":9,"href":"https:\/\/www.frfce.qc.ca\/index.php?rest_route=\/wp\/v2\/pages\/271\/revisions"}],"predecessor-version":[{"id":462,"href":"https:\/\/www.frfce.qc.ca\/index.php?rest_route=\/wp\/v2\/pages\/271\/revisions\/462"}],"wp:attachment":[{"href":"https:\/\/www.frfce.qc.ca\/index.php?rest_route=%2Fwp%2Fv2%2Fmedia&parent=271"}],"curies":[{"name":"wp","href":"https:\/\/api.w.org\/{rel}","templated":true}]}}