{"id":479,"date":"2014-09-22T13:44:29","date_gmt":"2014-09-22T17:44:29","guid":{"rendered":"http:\/\/www.frfce.qc.ca\/?page_id=479"},"modified":"2014-09-22T13:51:14","modified_gmt":"2014-09-22T17:51:14","slug":"excursion-conference","status":"publish","type":"page","link":"https:\/\/www.frfce.qc.ca\/?page_id=479","title":{"rendered":"Excursion-conf\u00e9rence"},"content":{"rendered":"<p><span class=\"Apple-style-span\"><a href=\"http:\/\/www.frfce.qc.ca\/wp-content\/uploads\/2014\/09\/excursion-conference_2014.jpg\"><img loading=\"lazy\" decoding=\"async\" class=\"alignright size-full wp-image-481\" src=\"http:\/\/www.frfce.qc.ca\/wp-content\/uploads\/2014\/09\/excursion-conference_2014.jpg\" alt=\"excursion-conf\u00e9rence\" width=\"200\" height=\"200\" srcset=\"https:\/\/www.frfce.qc.ca\/wp-content\/uploads\/2014\/09\/excursion-conference_2014.jpg 200w, https:\/\/www.frfce.qc.ca\/wp-content\/uploads\/2014\/09\/excursion-conference_2014-150x150.jpg 150w, https:\/\/www.frfce.qc.ca\/wp-content\/uploads\/2014\/09\/excursion-conference_2014-50x50.jpg 50w\" sizes=\"auto, (max-width: 200px) 100vw, 200px\" \/><\/a>La Fiducie de Recherche sur la For\u00eat des Cantons-de-l&rsquo;Est a organis\u00e9 les 18 et 19 septembre derniers une excursion-conf\u00e9rence ayant pour th\u00e8me\u00a0<strong>Les peupliers au service du territoire agricole<\/strong>\u00a0\u00e0 l&rsquo;h\u00f4tel Estrimont en Estrie.<\/span><\/p>\n<p>&nbsp;<\/p>\n<p><a href=\"http:\/\/www.frfce.qc.ca\/wp-content\/uploads\/2014\/09\/cahier_du_participant.pdf\" target=\"_blank\">Consulter le cahier du participant de l&rsquo;activit\u00e9<\/a><\/p>\n<p>&nbsp;<\/p>\n<p><span class=\"Apple-style-span\"><b>Objectif de l&rsquo;activit\u00e9<\/b><\/span><\/p>\n<p>Cette excursion-conf\u00e9rence visait \u00e0 montrer des exemples concrets d\u2019am\u00e9nagement du territoire agricole utilisant, entre autres, le peuplier, un arbre \u00e0 croissance tr\u00e8s rapide, mais \u00e9galement des arbres feuillus nobles et des r\u00e9sineux, afin de favoriser une agriculture durable o\u00f9 la plantation cibl\u00e9e d\u2019arbres permet une multitude de services \u00e9cologiques.<\/p>\n<p>&nbsp;<\/p>\n<p><strong>Conf\u00e9rences<\/strong><\/p>\n<p><strong>Bandes riveraines et agrofor\u00eats de peupliers hybrides<\/strong><\/p>\n<p>Julien Fortier, Ph.D.<\/p>\n<p><strong>Bande riveraines d\u2019arbres multi-esp\u00e8ces<\/strong><br \/>\nBenoit Truax, Ph.D.<\/p>\n<p><strong>Services \u00e9cosyst\u00e9miques du peuplier hybride, incluant la conservation<\/strong><br \/>\nDaniel Gagnon, Ph.D.<\/p>\n<p><strong>Un mod\u00e8le de zonage du territoire, incluant la for\u00eat, en milieu agricole<\/strong><br \/>\nBenoit Truax, Ph.D.<\/p>\n<p>&nbsp;<\/p>\n<p><strong>Excursions<\/strong><\/p>\n<p>Diff\u00e9rents mod\u00e8les d\u2019am\u00e9nagement ont \u00e9t\u00e9 pr\u00e9sent\u00e9s et visit\u00e9s sur le terrain\u00a0: bandes riveraines d\u2019arbres matures (15 ans), bandes riveraines d\u2019arbres multi-esp\u00e8ces, agrofor\u00eats matures (15 ans), incluant des plantes de sous-bois (pour produits forestiers non ligneux ou pour fins de conservation), test d\u2019espacement et bande filtrante pour la production de biomasse \u00e9nerg\u00e9tique.<\/p>\n<p>Les connaissances qui seront pr\u00e9sent\u00e9es sont tir\u00e9es des travaux de recherche de la Fiducie de Recherche sur la For\u00eat des Cantons-de l&rsquo;Est, effectu\u00e9s dans leurs plantations du sud du Qu\u00e9bec sur la production de bois et de biomasse, la qualit\u00e9 de l\u2019eau, la s\u00e9questration du carbone, la restauration et la conservation des habitats dans les paysages agricoles.<\/p>\n<p>&nbsp;<\/p>\n<p>Ces excursions \u00e9taient\u00a0divis\u00e9es en 3 visites\u00a0:<\/p>\n<p><strong>Visite terrain d&rsquo;une bande riveraine de peuplier hybride<\/strong><br \/>\nFerme Lamontagne, Magog<\/p>\n<p><strong>Visite terrain d\u2019une plantation de peuplier hybride<\/strong><br \/>\nP. Labrecque, propri\u00e9taire priv\u00e9, Bromptonville<\/p>\n<p><strong>Visite terrain de plantations d\u2019arbres pour un mod\u00e8le de zonage du territoire<br \/>\n<\/strong>Municipalit\u00e9 de Saint-Beno\u00eet-du-Lac<\/p>\n<p>&nbsp;<\/p>\n","protected":false},"excerpt":{"rendered":"<p>La Fiducie de Recherche sur la For\u00eat des Cantons-de-l&rsquo;Est a organis\u00e9 les 18 et 19 septembre derniers une excursion-conf\u00e9rence ayant pour th\u00e8me\u00a0Les peupliers au service du territoire agricole\u00a0\u00e0 l&rsquo;h\u00f4tel Estrimont en Estrie. &nbsp; Consulter le cahier du participant de l&rsquo;activit\u00e9 &nbsp; Objectif de l&rsquo;activit\u00e9 Cette excursion-conf\u00e9rence visait \u00e0 montrer des exemples concrets d\u2019am\u00e9nagement du territoire [&hellip;]<\/p>\n","protected":false},"author":1,"featured_media":0,"parent":73,"menu_order":0,"comment_status":"closed","ping_status":"closed","template":"","meta":{"footnotes":""},"class_list":["post-479","page","type-page","status-publish","hentry"],"_links":{"self":[{"href":"https:\/\/www.frfce.qc.ca\/index.php?rest_route=\/wp\/v2\/pages\/479","targetHints":{"allow":["GET"]}}],"collection":[{"href":"https:\/\/www.frfce.qc.ca\/index.php?rest_route=\/wp\/v2\/pages"}],"about":[{"href":"https:\/\/www.frfce.qc.ca\/index.php?rest_route=\/wp\/v2\/types\/page"}],"author":[{"embeddable":true,"href":"https:\/\/www.frfce.qc.ca\/index.php?rest_route=\/wp\/v2\/users\/1"}],"replies":[{"embeddable":true,"href":"https:\/\/www.frfce.qc.ca\/index.php?rest_route=%2Fwp%2Fv2%2Fcomments&post=479"}],"version-history":[{"count":2,"href":"https:\/\/www.frfce.qc.ca\/index.php?rest_route=\/wp\/v2\/pages\/479\/revisions"}],"predecessor-version":[{"id":485,"href":"https:\/\/www.frfce.qc.ca\/index.php?rest_route=\/wp\/v2\/pages\/479\/revisions\/485"}],"up":[{"embeddable":true,"href":"https:\/\/www.frfce.qc.ca\/index.php?rest_route=\/wp\/v2\/pages\/73"}],"wp:attachment":[{"href":"https:\/\/www.frfce.qc.ca\/index.php?rest_route=%2Fwp%2Fv2%2Fmedia&parent=479"}],"curies":[{"name":"wp","href":"https:\/\/api.w.org\/{rel}","templated":true}]}}