{"id":486,"date":"2014-09-23T09:37:05","date_gmt":"2014-09-23T13:37:05","guid":{"rendered":"http:\/\/www.frfce.qc.ca\/?page_id=486"},"modified":"2014-09-25T10:08:37","modified_gmt":"2014-09-25T14:08:37","slug":"organismes-subventionnaires","status":"publish","type":"page","link":"https:\/\/www.frfce.qc.ca\/?page_id=486","title":{"rendered":"Organismes subventionnaires"},"content":{"rendered":"<p><strong>Organismes subventionnaires et partenaires<\/strong><\/p>\n<p>Merci aux nombreux organismes qui nous ont fourni une aide financi\u00e8re et\/ou leur expertise depuis le d\u00e9but de la cr\u00e9ation de la FRFCE.<\/p>\n<ul>\n<li>Minist\u00e8re des For\u00eats, de la Faune et des Parcs du Qu\u00e9bec<\/li>\n<li>Agriculture et Agroalimentaire Canada<\/li>\n<li>Ressources naturelles Canada<\/li>\n<li>Minist\u00e8re de l\u2019Agriculture, des\u00a0<span class=\"Apple-style-span\">P\u00eacheries et\u00a0<\/span>de l\u2019Alimentation du Qu\u00e9bec<\/li>\n<li>Conf\u00e9rences r\u00e9gionales des \u00e9lus de l\u2019Estrie et de la Mont\u00e9r\u00e9gie<\/li>\n<li>Association foresti\u00e8re du sud du Qu\u00e9bec<\/li>\n<\/ul>\n<p>&nbsp;<\/p>\n<p><strong>Donateurs et Bienfaiteurs<\/strong><\/p>\n<ul>\n<li>Ski Bromont<\/li>\n<li>Novabus<\/li>\n<li>Arbres Canada<\/li>\n<li>Fondation de la famille Lemaire<\/li>\n<li>Agence de mise en valeur de la for\u00eat de l&rsquo;Estrie<\/li>\n<li><span class=\"Apple-style-span\">La Communaut\u00e9 des B\u00e9n\u00e9dictins de Saint\u2010Beno\u00eet\u2010du\u2010Lac<\/span><\/li>\n<\/ul>\n<p>&nbsp;<\/p>\n<p><strong>Propri\u00e9taires forestiers<\/strong><\/p>\n<p>Nous tenons aussi \u00e0 remercier les 60 propri\u00e9taires forestiers chez qui, depuis 20 ans, nous avons install\u00e9 nos dispositifs de recherche.<\/p>\n<p>&nbsp;<\/p>\n","protected":false},"excerpt":{"rendered":"<p>Organismes subventionnaires et partenaires Merci aux nombreux organismes qui nous ont fourni une aide financi\u00e8re et\/ou leur expertise depuis le d\u00e9but de la cr\u00e9ation de la FRFCE. Minist\u00e8re des For\u00eats, de la Faune et des Parcs du Qu\u00e9bec Agriculture et Agroalimentaire Canada Ressources naturelles Canada Minist\u00e8re de l\u2019Agriculture, des\u00a0P\u00eacheries et\u00a0de l\u2019Alimentation du Qu\u00e9bec Conf\u00e9rences r\u00e9gionales [&hellip;]<\/p>\n","protected":false},"author":1,"featured_media":0,"parent":92,"menu_order":0,"comment_status":"closed","ping_status":"closed","template":"","meta":{"footnotes":""},"class_list":["post-486","page","type-page","status-publish","hentry"],"_links":{"self":[{"href":"https:\/\/www.frfce.qc.ca\/index.php?rest_route=\/wp\/v2\/pages\/486","targetHints":{"allow":["GET"]}}],"collection":[{"href":"https:\/\/www.frfce.qc.ca\/index.php?rest_route=\/wp\/v2\/pages"}],"about":[{"href":"https:\/\/www.frfce.qc.ca\/index.php?rest_route=\/wp\/v2\/types\/page"}],"author":[{"embeddable":true,"href":"https:\/\/www.frfce.qc.ca\/index.php?rest_route=\/wp\/v2\/users\/1"}],"replies":[{"embeddable":true,"href":"https:\/\/www.frfce.qc.ca\/index.php?rest_route=%2Fwp%2Fv2%2Fcomments&post=486"}],"version-history":[{"count":3,"href":"https:\/\/www.frfce.qc.ca\/index.php?rest_route=\/wp\/v2\/pages\/486\/revisions"}],"predecessor-version":[{"id":495,"href":"https:\/\/www.frfce.qc.ca\/index.php?rest_route=\/wp\/v2\/pages\/486\/revisions\/495"}],"up":[{"embeddable":true,"href":"https:\/\/www.frfce.qc.ca\/index.php?rest_route=\/wp\/v2\/pages\/92"}],"wp:attachment":[{"href":"https:\/\/www.frfce.qc.ca\/index.php?rest_route=%2Fwp%2Fv2%2Fmedia&parent=486"}],"curies":[{"name":"wp","href":"https:\/\/api.w.org\/{rel}","templated":true}]}}