{"id":73,"date":"2014-08-13T11:46:20","date_gmt":"2014-08-13T15:46:20","guid":{"rendered":"http:\/\/www.frfce.qc.ca\/?page_id=73"},"modified":"2014-09-22T13:49:45","modified_gmt":"2014-09-22T17:49:45","slug":"transfert-de-connaissances","status":"publish","type":"page","link":"https:\/\/www.frfce.qc.ca\/?page_id=73","title":{"rendered":"Transfert de connaissances"},"content":{"rendered":"<p><a href=\"http:\/\/www.frfce.qc.ca\/wp-content\/uploads\/2014\/08\/transfert_connaissance1.png\"><img loading=\"lazy\" decoding=\"async\" class=\"alignright size-full wp-image-452\" src=\"http:\/\/www.frfce.qc.ca\/wp-content\/uploads\/2014\/08\/transfert_connaissance1.png\" alt=\"transfert de connaissances\" width=\"200\" height=\"200\" srcset=\"https:\/\/www.frfce.qc.ca\/wp-content\/uploads\/2014\/08\/transfert_connaissance1.png 200w, https:\/\/www.frfce.qc.ca\/wp-content\/uploads\/2014\/08\/transfert_connaissance1-150x150.png 150w, https:\/\/www.frfce.qc.ca\/wp-content\/uploads\/2014\/08\/transfert_connaissance1-50x50.png 50w\" sizes=\"auto, (max-width: 200px) 100vw, 200px\" \/><\/a>La fiducie contribue grandement au transfert des connaissances qu\u2019elle d\u00e9veloppe. Elle\u00a0organise annuellement, avec diff\u00e9rents partenaires, des excursions sur le terrain, o\u00f9 plusieurs dispositifs de recherche sont visit\u00e9s chez des propri\u00e9taires priv\u00e9s. Ces excursions visent les \u00e9tudiants des diff\u00e9rents cycles universitaires, les am\u00e9nagistes, les gestionnaires du territoire et les propri\u00e9taires forestiers, de m\u00eame que les citoyens int\u00e9ress\u00e9s par l\u2019am\u00e9nagement forestier durable et l\u2019agroforesterie.<\/p>\n<p>&nbsp;<\/p>\n<p>Les\u00a0<span class=\"Apple-style-span\">18 et 19 septembre derniers, une excursion-conf\u00e9rence ayant pour th\u00e8me\u00a0<strong>Les peupliers au service du territoire agricole<\/strong> a \u00e9t\u00e9 organis\u00e9e. Apprenez-en\u00a0davantage sur cette <a title=\"Excursion-conf\u00e9rence\" href=\"http:\/\/www.frfce.qc.ca\/?page_id=479\">excursion-conf\u00e9rence<\/a>.<\/span><\/p>\n<p>&nbsp;<\/p>\n<p>Les fiduciaires publient\u00a0r\u00e9guli\u00e8rement les r\u00e9sultats de leurs travaux de recherche dans des revues scientifiques avec comit\u00e9 de lecture, mais \u00e9galement dans des revues vulgaris\u00e9es comme le Progr\u00e8s Forestier, publi\u00e9 par l\u2019Association foresti\u00e8re du sud du Qu\u00e9bec. Ils sont\u00a0\u00e9galement disponibles en tout temps pour r\u00e9pondre aux questions du public.<\/p>\n","protected":false},"excerpt":{"rendered":"<p>La fiducie contribue grandement au transfert des connaissances qu\u2019elle d\u00e9veloppe. Elle\u00a0organise annuellement, avec diff\u00e9rents partenaires, des excursions sur le terrain, o\u00f9 plusieurs dispositifs de recherche sont visit\u00e9s chez des propri\u00e9taires priv\u00e9s. Ces excursions visent les \u00e9tudiants des diff\u00e9rents cycles universitaires, les am\u00e9nagistes, les gestionnaires du territoire et les propri\u00e9taires forestiers, de m\u00eame que les citoyens [&hellip;]<\/p>\n","protected":false},"author":1,"featured_media":0,"parent":12,"menu_order":0,"comment_status":"closed","ping_status":"closed","template":"","meta":{"footnotes":""},"class_list":["post-73","page","type-page","status-publish","hentry"],"_links":{"self":[{"href":"https:\/\/www.frfce.qc.ca\/index.php?rest_route=\/wp\/v2\/pages\/73","targetHints":{"allow":["GET"]}}],"collection":[{"href":"https:\/\/www.frfce.qc.ca\/index.php?rest_route=\/wp\/v2\/pages"}],"about":[{"href":"https:\/\/www.frfce.qc.ca\/index.php?rest_route=\/wp\/v2\/types\/page"}],"author":[{"embeddable":true,"href":"https:\/\/www.frfce.qc.ca\/index.php?rest_route=\/wp\/v2\/users\/1"}],"replies":[{"embeddable":true,"href":"https:\/\/www.frfce.qc.ca\/index.php?rest_route=%2Fwp%2Fv2%2Fcomments&post=73"}],"version-history":[{"count":5,"href":"https:\/\/www.frfce.qc.ca\/index.php?rest_route=\/wp\/v2\/pages\/73\/revisions"}],"predecessor-version":[{"id":484,"href":"https:\/\/www.frfce.qc.ca\/index.php?rest_route=\/wp\/v2\/pages\/73\/revisions\/484"}],"up":[{"embeddable":true,"href":"https:\/\/www.frfce.qc.ca\/index.php?rest_route=\/wp\/v2\/pages\/12"}],"wp:attachment":[{"href":"https:\/\/www.frfce.qc.ca\/index.php?rest_route=%2Fwp%2Fv2%2Fmedia&parent=73"}],"curies":[{"name":"wp","href":"https:\/\/api.w.org\/{rel}","templated":true}]}}