{"id":92,"date":"2014-08-13T15:41:59","date_gmt":"2014-08-13T19:41:59","guid":{"rendered":"http:\/\/www.frfce.qc.ca\/?page_id=92"},"modified":"2014-09-23T09:43:01","modified_gmt":"2014-09-23T13:43:01","slug":"donateurs","status":"publish","type":"page","link":"https:\/\/www.frfce.qc.ca\/?page_id=92","title":{"rendered":"Financement"},"content":{"rendered":"<p><a href=\"http:\/\/www.frfce.qc.ca\/wp-content\/uploads\/2014\/08\/chene_gros_fruits_feuilles.png\"><img loading=\"lazy\" decoding=\"async\" class=\"alignright size-full wp-image-490\" src=\"http:\/\/www.frfce.qc.ca\/wp-content\/uploads\/2014\/08\/chene_gros_fruits_feuilles.png\" alt=\"feuilles de ch\u00eane \u00e0 gros fruits\" width=\"200\" height=\"200\" srcset=\"https:\/\/www.frfce.qc.ca\/wp-content\/uploads\/2014\/08\/chene_gros_fruits_feuilles.png 200w, https:\/\/www.frfce.qc.ca\/wp-content\/uploads\/2014\/08\/chene_gros_fruits_feuilles-150x150.png 150w, https:\/\/www.frfce.qc.ca\/wp-content\/uploads\/2014\/08\/chene_gros_fruits_feuilles-50x50.png 50w\" sizes=\"auto, (max-width: 200px) 100vw, 200px\" \/><\/a>L<span class=\"Apple-style-span\">a Fiducie de recherche sur la for\u00eat des Cantons\u2010de\u2010l\u2019Est<\/span>\u00a0tient \u00e0 remercier sinc\u00e8rement les individus et les organismes qui l&rsquo;ont appuy\u00e9 depuis ses d\u00e9buts, que ce soit \u00e0 titre de donateurs, de bienfaiteurs, de b\u00e9n\u00e9voles ou de propri\u00e9taires forestiers.<\/p>\n<p>&nbsp;<\/p>\n<p>Sans votre aide, ces\u00a0projets n\u2019auraient \u00e9t\u00e9 qu\u2019un r\u00eave qui ne se serait jamais r\u00e9alis\u00e9. MERCI!!!<\/p>\n","protected":false},"excerpt":{"rendered":"<p>La Fiducie de recherche sur la for\u00eat des Cantons\u2010de\u2010l\u2019Est\u00a0tient \u00e0 remercier sinc\u00e8rement les individus et les organismes qui l&rsquo;ont appuy\u00e9 depuis ses d\u00e9buts, que ce soit \u00e0 titre de donateurs, de bienfaiteurs, de b\u00e9n\u00e9voles ou de propri\u00e9taires forestiers. &nbsp; Sans votre aide, ces\u00a0projets n\u2019auraient \u00e9t\u00e9 qu\u2019un r\u00eave qui ne se serait jamais r\u00e9alis\u00e9. MERCI!!!<\/p>\n","protected":false},"author":1,"featured_media":0,"parent":0,"menu_order":4,"comment_status":"closed","ping_status":"closed","template":"","meta":{"footnotes":""},"class_list":["post-92","page","type-page","status-publish","hentry"],"_links":{"self":[{"href":"https:\/\/www.frfce.qc.ca\/index.php?rest_route=\/wp\/v2\/pages\/92","targetHints":{"allow":["GET"]}}],"collection":[{"href":"https:\/\/www.frfce.qc.ca\/index.php?rest_route=\/wp\/v2\/pages"}],"about":[{"href":"https:\/\/www.frfce.qc.ca\/index.php?rest_route=\/wp\/v2\/types\/page"}],"author":[{"embeddable":true,"href":"https:\/\/www.frfce.qc.ca\/index.php?rest_route=\/wp\/v2\/users\/1"}],"replies":[{"embeddable":true,"href":"https:\/\/www.frfce.qc.ca\/index.php?rest_route=%2Fwp%2Fv2%2Fcomments&post=92"}],"version-history":[{"count":12,"href":"https:\/\/www.frfce.qc.ca\/index.php?rest_route=\/wp\/v2\/pages\/92\/revisions"}],"predecessor-version":[{"id":493,"href":"https:\/\/www.frfce.qc.ca\/index.php?rest_route=\/wp\/v2\/pages\/92\/revisions\/493"}],"wp:attachment":[{"href":"https:\/\/www.frfce.qc.ca\/index.php?rest_route=%2Fwp%2Fv2%2Fmedia&parent=92"}],"curies":[{"name":"wp","href":"https:\/\/api.w.org\/{rel}","templated":true}]}}