{"id":98,"date":"2014-08-13T16:02:07","date_gmt":"2014-08-13T20:02:07","guid":{"rendered":"http:\/\/www.frfce.qc.ca\/?page_id=98"},"modified":"2014-09-23T09:38:04","modified_gmt":"2014-09-23T13:38:04","slug":"faire-un-don","status":"publish","type":"page","link":"https:\/\/www.frfce.qc.ca\/?page_id=98","title":{"rendered":"Faire un don"},"content":{"rendered":"<p><img loading=\"lazy\" decoding=\"async\" class=\"alignright size-full wp-image-111\" src=\"http:\/\/www.frfce.qc.ca\/wp-content\/uploads\/2014\/08\/nid_jaseur_des_cedres.png\" alt=\"nid d'un jaseur des c\u00e8dres\" width=\"200\" height=\"200\" srcset=\"https:\/\/www.frfce.qc.ca\/wp-content\/uploads\/2014\/08\/nid_jaseur_des_cedres.png 200w, https:\/\/www.frfce.qc.ca\/wp-content\/uploads\/2014\/08\/nid_jaseur_des_cedres-150x150.png 150w, https:\/\/www.frfce.qc.ca\/wp-content\/uploads\/2014\/08\/nid_jaseur_des_cedres-50x50.png 50w\" sizes=\"auto, (max-width: 200px) 100vw, 200px\" \/><\/p>\n<p>Si vous d\u00e9sirez nous aider \u00e0 r\u00e9aliser notre mission et faire votre part pour am\u00e9liorer la qualit\u00e9 de l\u2019environnement, vous pouvez\u00a0nous faire parvenir votre don sous forme d\u2019un\u00a0ch\u00e8que \u00e9mis \u00e0 l\u2019ordre de la <strong>Fiducie de recherche sur la for\u00eat des Cantons-de-l\u2019Est. <\/strong>De plus, n&rsquo;h\u00e9sitez pas \u00e0 communiquer avec les fiduciaires afin d&rsquo;en apprendre davantage et de vous renseigner sur notre organisation.<\/p>\n<p>&nbsp;<\/p>\n<p><strong>Postez votre ch\u00e8que<\/strong><\/p>\n<p>Fiducie de recherche sur la for\u00eat des Cantons-de-l\u2019Est<\/p>\n<p>1 rue Principale, Saint-Beno\u00eet-du-Lac (Qu\u00e9bec)<\/p>\n<p>J0B 2M0<\/p>\n<p>&nbsp;<\/p>\n<p><strong>\u00c9mission du re\u00e7u<\/strong><\/p>\n<p>Un re\u00e7u aux fins d\u2019imp\u00f4t sera remis dans les jours suivant la r\u00e9ception du don.<br \/>\nS.V.P. Nous faire parvenir votre nom et votre adresse compl\u00e8te.<\/p>\n<p>&nbsp;<\/p>\n<p>L\u2019organisme est enregistr\u00e9 aupr\u00e8s de l\u2019Agence de revenu du Canada :<\/p>\n<p>n<sup>o<\/sup> d\u2019enregistrement 853486413 RR 0001<\/p>\n<p><a href=\"http:\/\/www.cra-arc.gc.ca\/chrts-gvng\/menu-fra.html\" target=\"_blank\">www.cra-arc.gc.ca\/chrts-gvng\/menu-fra.html <\/a><\/p>\n","protected":false},"excerpt":{"rendered":"<p>Si vous d\u00e9sirez nous aider \u00e0 r\u00e9aliser notre mission et faire votre part pour am\u00e9liorer la qualit\u00e9 de l\u2019environnement, vous pouvez\u00a0nous faire parvenir votre don sous forme d\u2019un\u00a0ch\u00e8que \u00e9mis \u00e0 l\u2019ordre de la Fiducie de recherche sur la for\u00eat des Cantons-de-l\u2019Est. De plus, n&rsquo;h\u00e9sitez pas \u00e0 communiquer avec les fiduciaires afin d&rsquo;en apprendre davantage et [&hellip;]<\/p>\n","protected":false},"author":1,"featured_media":0,"parent":92,"menu_order":1,"comment_status":"closed","ping_status":"closed","template":"","meta":{"footnotes":""},"class_list":["post-98","page","type-page","status-publish","hentry"],"_links":{"self":[{"href":"https:\/\/www.frfce.qc.ca\/index.php?rest_route=\/wp\/v2\/pages\/98","targetHints":{"allow":["GET"]}}],"collection":[{"href":"https:\/\/www.frfce.qc.ca\/index.php?rest_route=\/wp\/v2\/pages"}],"about":[{"href":"https:\/\/www.frfce.qc.ca\/index.php?rest_route=\/wp\/v2\/types\/page"}],"author":[{"embeddable":true,"href":"https:\/\/www.frfce.qc.ca\/index.php?rest_route=\/wp\/v2\/users\/1"}],"replies":[{"embeddable":true,"href":"https:\/\/www.frfce.qc.ca\/index.php?rest_route=%2Fwp%2Fv2%2Fcomments&post=98"}],"version-history":[{"count":8,"href":"https:\/\/www.frfce.qc.ca\/index.php?rest_route=\/wp\/v2\/pages\/98\/revisions"}],"predecessor-version":[{"id":468,"href":"https:\/\/www.frfce.qc.ca\/index.php?rest_route=\/wp\/v2\/pages\/98\/revisions\/468"}],"up":[{"embeddable":true,"href":"https:\/\/www.frfce.qc.ca\/index.php?rest_route=\/wp\/v2\/pages\/92"}],"wp:attachment":[{"href":"https:\/\/www.frfce.qc.ca\/index.php?rest_route=%2Fwp%2Fv2%2Fmedia&parent=98"}],"curies":[{"name":"wp","href":"https:\/\/api.w.org\/{rel}","templated":true}]}}